{"id":16047,"date":"2025-06-27T11:28:04","date_gmt":"2025-06-27T09:28:04","guid":{"rendered":"https:\/\/www.redegal.com\/declaracao-de-acessibilidade\/"},"modified":"2025-06-27T12:56:09","modified_gmt":"2025-06-27T10:56:09","slug":"declaracao-de-acessibilidade","status":"publish","type":"page","link":"https:\/\/www.redegal.com\/pt-pt\/declaracao-de-acessibilidade\/","title":{"rendered":"Declara\u00e7\u00e3o de Acessibilidade"},"content":{"rendered":"\n<h2 class=\"wp-block-heading\"><strong>Declara\u00e7\u00e3o de Acessibilidade<\/strong><\/h2>\n\n\n\n<p>Na Redegal, estamos empenhados em tornar o nosso website acess\u00edvel, em conformidade com o Real Decreto 1112\/2018, de 7 de setembro, sobre a acessibilidade dos s\u00edtios web e aplica\u00e7\u00f5es m\u00f3veis do setor p\u00fablico (ou a regulamenta\u00e7\u00e3o aplic\u00e1vel se pertencer ao setor privado).\r\n<\/p>\n\n\n\n<h3 class=\"wp-block-heading\"><strong>Estado de Conformidade<\/strong><\/h3>\n\n\n\n<p>Este website est\u00e1 <strong>parcialmente em conformidade<\/strong> com as diretrizes de acessibilidade estabelecidas na norma UNE-EN 301549:2022, devido \u00e0s exce\u00e7\u00f5es e\/ou n\u00e3o conformidades detalhadas abaixo.<\/p>\n\n\n\n<h3 class=\"wp-block-heading\"><strong>Conte\u00fado N\u00e3o Acess\u00edvel<\/strong><\/h3>\n\n\n\n<p>O conte\u00fado listado abaixo n\u00e3o \u00e9 acess\u00edvel pelas seguintes raz\u00f5es:<\/p>\n\n\n\n<ul class=\"wp-block-list\">\n<li><strong>N\u00e3o conformidade com o RD 1112\/2018<\/strong>: Alguns conte\u00fados podem n\u00e3o garantir contraste suficiente entre texto e fundo, ou podem conter elementos interativos que n\u00e3o est\u00e3o devidamente rotulados para uso com tecnologias de apoio.<\/li>\n\n\n\n<li><strong>Encargo desproporcionado<\/strong>: N\u00e3o aplic\u00e1vel.<\/li>\n\n\n\n<li><strong>Conte\u00fado fora do \u00e2mbito da legisla\u00e7\u00e3o aplic\u00e1vel<\/strong>: Pode haver documentos de escrit\u00f3rio em PDF ou outros formatos publicados antes de 20 de setembro de 2018 que n\u00e3o cumprem totalmente os requisitos de acessibilidade.<\/li>\n<\/ul>\n\n\n\n<h3 class=\"wp-block-heading\"><strong>Prepara\u00e7\u00e3o desta Declara\u00e7\u00e3o de Acessibilidade<\/strong><\/h3>\n\n\n\n<p>Esta declara\u00e7\u00e3o foi preparada em 27 de junho de 2025.<\/p>\n\n\n\n<p>O m\u00e9todo utilizado para elaborar a declara\u00e7\u00e3o foi uma autoavalia\u00e7\u00e3o realizada pela equipa da Redegal.\r\n<\/p>\n\n\n\n<p>A declara\u00e7\u00e3o foi revista pela \u00faltima vez em 27 de junho de 2025.<\/p>\n\n\n\n<h3 class=\"wp-block-heading\"><strong>Feedback e Informa\u00e7\u00f5es de Contacto<\/strong><\/h3>\n\n\n\n<p>Se encontrar alguma barreira de acessibilidade ou quiser partilhar sugest\u00f5es, reclama\u00e7\u00f5es ou dificuldades relacionadas com o acesso a conte\u00fados neste website, pode contactar-nos atrav\u00e9s de:<\/p>\n\n\n\n<ul class=\"wp-block-list\">\n<li><strong>Email<\/strong>: comunicacion@redegal.com<\/li>\n<\/ul>\n\n\n\n<p>Todas as comunica\u00e7\u00f5es ser\u00e3o tratadas de acordo com o disposto no Artigo 10.2 do RD 1112\/2018.<\/p>\n\n\n\n<h3 class=\"wp-block-heading\"><strong>Procedimento de Aplica\u00e7\u00e3o<\/strong><\/h3>\n\n\n\n<p>Se, ap\u00f3s apresentar um pedido de informa\u00e7\u00e3o acess\u00edvel ou uma reclama\u00e7\u00e3o, a resposta for insatisfat\u00f3ria ou discordar da decis\u00e3o tomada, poder\u00e1 apresentar uma reclama\u00e7\u00e3o junto da Unidade Respons\u00e1vel pela Acessibilidade atrav\u00e9s da correspondente sede eletr\u00f3nica.\r\n<\/p>\n","protected":false},"excerpt":{"rendered":"<p>Declara\u00e7\u00e3o de Acessibilidade Na Redegal, estamos empenhados em tornar o nosso website acess\u00edvel, em conformidade com o Real Decreto 1112\/2018, de 7 de setembro, sobre a acessibilidade dos s\u00edtios web e aplica\u00e7\u00f5es m\u00f3veis do setor p\u00fablico (ou a regulamenta\u00e7\u00e3o aplic\u00e1vel se pertencer ao setor privado). Estado de Conformidade Este website est\u00e1 parcialmente em conformidade com [&hellip;]<\/p>\n","protected":false},"author":1,"featured_media":0,"parent":0,"menu_order":0,"comment_status":"closed","ping_status":"closed","template":"","meta":{"_acf_changed":false,"inline_featured_image":false,"footnotes":""},"class_list":["post-16047","page","type-page","status-publish","hentry"],"acf":[],"yoast_head":"<!-- This site is optimized with the Yoast SEO plugin v26.6 - https:\/\/yoast.com\/wordpress\/plugins\/seo\/ -->\n<title>Declara\u00e7\u00e3o de Acessibilidade - Redegal<\/title>\n<meta name=\"robots\" content=\"index, follow, max-snippet:-1, max-image-preview:large, max-video-preview:-1\" \/>\n<link rel=\"canonical\" href=\"https:\/\/www.redegal.com\/pt-pt\/declaracao-de-acessibilidade\/\" \/>\n<meta property=\"og:locale\" content=\"pt_PT\" \/>\n<meta property=\"og:type\" content=\"article\" \/>\n<meta property=\"og:title\" content=\"Declara\u00e7\u00e3o de Acessibilidade - Redegal\" \/>\n<meta property=\"og:description\" content=\"Declara\u00e7\u00e3o de Acessibilidade Na Redegal, estamos empenhados em tornar o nosso website acess\u00edvel, em conformidade com o Real Decreto 1112\/2018, de 7 de setembro, sobre a acessibilidade dos s\u00edtios web e aplica\u00e7\u00f5es m\u00f3veis do setor p\u00fablico (ou a regulamenta\u00e7\u00e3o aplic\u00e1vel se pertencer ao setor privado). Estado de Conformidade Este website est\u00e1 parcialmente em conformidade com [&hellip;]\" \/>\n<meta property=\"og:url\" content=\"https:\/\/www.redegal.com\/pt-pt\/declaracao-de-acessibilidade\/\" \/>\n<meta property=\"og:site_name\" content=\"Redegal\" \/>\n<meta property=\"article:publisher\" content=\"https:\/\/facebook.com\/Redegal\/\" \/>\n<meta property=\"article:modified_time\" content=\"2025-06-27T10:56:09+00:00\" \/>\n<meta property=\"og:image\" content=\"https:\/\/www.redegal.com\/wp-content\/uploads\/2021\/11\/Redegal-Social-Thumb.jpg\" \/>\n\t<meta property=\"og:image:width\" content=\"1200\" \/>\n\t<meta property=\"og:image:height\" content=\"600\" \/>\n\t<meta property=\"og:image:type\" content=\"image\/jpeg\" \/>\n<meta name=\"twitter:card\" content=\"summary_large_image\" \/>\n<meta name=\"twitter:label1\" content=\"Tempo estimado de leitura\" \/>\n\t<meta name=\"twitter:data1\" content=\"2 minutos\" \/>\n<script type=\"application\/ld+json\" class=\"yoast-schema-graph\">{\"@context\":\"https:\/\/schema.org\",\"@graph\":[{\"@type\":\"WebPage\",\"@id\":\"https:\/\/www.redegal.com\/pt-pt\/declaracao-de-acessibilidade\/\",\"url\":\"https:\/\/www.redegal.com\/pt-pt\/declaracao-de-acessibilidade\/\",\"name\":\"Declara\u00e7\u00e3o de Acessibilidade - Redegal\",\"isPartOf\":{\"@id\":\"https:\/\/www.redegal.com\/pt-pt\/#website\"},\"datePublished\":\"2025-06-27T09:28:04+00:00\",\"dateModified\":\"2025-06-27T10:56:09+00:00\",\"breadcrumb\":{\"@id\":\"https:\/\/www.redegal.com\/pt-pt\/declaracao-de-acessibilidade\/#breadcrumb\"},\"inLanguage\":\"pt-PT\",\"potentialAction\":[{\"@type\":\"ReadAction\",\"target\":[\"https:\/\/www.redegal.com\/pt-pt\/declaracao-de-acessibilidade\/\"]}]},{\"@type\":\"BreadcrumbList\",\"@id\":\"https:\/\/www.redegal.com\/pt-pt\/declaracao-de-acessibilidade\/#breadcrumb\",\"itemListElement\":[{\"@type\":\"ListItem\",\"position\":1,\"name\":\"Home\",\"item\":\"https:\/\/www.redegal.com\/pt-pt\/\"},{\"@type\":\"ListItem\",\"position\":2,\"name\":\"Declara\u00e7\u00e3o de Acessibilidade\"}]},{\"@type\":\"WebSite\",\"@id\":\"https:\/\/www.redegal.com\/pt-pt\/#website\",\"url\":\"https:\/\/www.redegal.com\/pt-pt\/\",\"name\":\"Redegal\",\"description\":\"\",\"publisher\":{\"@id\":\"https:\/\/www.redegal.com\/pt-pt\/#organization\"},\"potentialAction\":[{\"@type\":\"SearchAction\",\"target\":{\"@type\":\"EntryPoint\",\"urlTemplate\":\"https:\/\/www.redegal.com\/pt-pt\/?s={search_term_string}\"},\"query-input\":{\"@type\":\"PropertyValueSpecification\",\"valueRequired\":true,\"valueName\":\"search_term_string\"}}],\"inLanguage\":\"pt-PT\"},{\"@type\":\"Organization\",\"@id\":\"https:\/\/www.redegal.com\/pt-pt\/#organization\",\"name\":\"Redegal\",\"url\":\"https:\/\/www.redegal.com\/pt-pt\/\",\"logo\":{\"@type\":\"ImageObject\",\"inLanguage\":\"pt-PT\",\"@id\":\"https:\/\/www.redegal.com\/pt-pt\/#\/schema\/logo\/image\/\",\"url\":\"https:\/\/www.redegal.com\/wp-content\/uploads\/2025\/05\/Logo-Redegal.svg\",\"contentUrl\":\"https:\/\/www.redegal.com\/wp-content\/uploads\/2025\/05\/Logo-Redegal.svg\",\"width\":\"1024\",\"height\":\"1024\",\"caption\":\"Redegal\"},\"image\":{\"@id\":\"https:\/\/www.redegal.com\/pt-pt\/#\/schema\/logo\/image\/\"},\"sameAs\":[\"https:\/\/facebook.com\/Redegal\/\",\"https:\/\/www.instagram.com\/_redegal\/\",\"https:\/\/www.linkedin.com\/company\/redegal\/\",\"https:\/\/www.youtube.com\/channel\/UCDXwbtEULPIYV2I1ugDzeUw\",\"https:\/\/x.com\/redegal\"]}]}<\/script>\n<!-- \/ Yoast SEO plugin. -->","yoast_head_json":{"title":"Declara\u00e7\u00e3o de Acessibilidade - Redegal","robots":{"index":"index","follow":"follow","max-snippet":"max-snippet:-1","max-image-preview":"max-image-preview:large","max-video-preview":"max-video-preview:-1"},"canonical":"https:\/\/www.redegal.com\/pt-pt\/declaracao-de-acessibilidade\/","og_locale":"pt_PT","og_type":"article","og_title":"Declara\u00e7\u00e3o de Acessibilidade - Redegal","og_description":"Declara\u00e7\u00e3o de Acessibilidade Na Redegal, estamos empenhados em tornar o nosso website acess\u00edvel, em conformidade com o Real Decreto 1112\/2018, de 7 de setembro, sobre a acessibilidade dos s\u00edtios web e aplica\u00e7\u00f5es m\u00f3veis do setor p\u00fablico (ou a regulamenta\u00e7\u00e3o aplic\u00e1vel se pertencer ao setor privado). Estado de Conformidade Este website est\u00e1 parcialmente em conformidade com [&hellip;]","og_url":"https:\/\/www.redegal.com\/pt-pt\/declaracao-de-acessibilidade\/","og_site_name":"Redegal","article_publisher":"https:\/\/facebook.com\/Redegal\/","article_modified_time":"2025-06-27T10:56:09+00:00","og_image":[{"width":1200,"height":600,"url":"https:\/\/www.redegal.com\/wp-content\/uploads\/2021\/11\/Redegal-Social-Thumb.jpg","type":"image\/jpeg"}],"twitter_card":"summary_large_image","twitter_misc":{"Tempo estimado de leitura":"2 minutos"},"schema":{"@context":"https:\/\/schema.org","@graph":[{"@type":"WebPage","@id":"https:\/\/www.redegal.com\/pt-pt\/declaracao-de-acessibilidade\/","url":"https:\/\/www.redegal.com\/pt-pt\/declaracao-de-acessibilidade\/","name":"Declara\u00e7\u00e3o de Acessibilidade - Redegal","isPartOf":{"@id":"https:\/\/www.redegal.com\/pt-pt\/#website"},"datePublished":"2025-06-27T09:28:04+00:00","dateModified":"2025-06-27T10:56:09+00:00","breadcrumb":{"@id":"https:\/\/www.redegal.com\/pt-pt\/declaracao-de-acessibilidade\/#breadcrumb"},"inLanguage":"pt-PT","potentialAction":[{"@type":"ReadAction","target":["https:\/\/www.redegal.com\/pt-pt\/declaracao-de-acessibilidade\/"]}]},{"@type":"BreadcrumbList","@id":"https:\/\/www.redegal.com\/pt-pt\/declaracao-de-acessibilidade\/#breadcrumb","itemListElement":[{"@type":"ListItem","position":1,"name":"Home","item":"https:\/\/www.redegal.com\/pt-pt\/"},{"@type":"ListItem","position":2,"name":"Declara\u00e7\u00e3o de Acessibilidade"}]},{"@type":"WebSite","@id":"https:\/\/www.redegal.com\/pt-pt\/#website","url":"https:\/\/www.redegal.com\/pt-pt\/","name":"Redegal","description":"","publisher":{"@id":"https:\/\/www.redegal.com\/pt-pt\/#organization"},"potentialAction":[{"@type":"SearchAction","target":{"@type":"EntryPoint","urlTemplate":"https:\/\/www.redegal.com\/pt-pt\/?s={search_term_string}"},"query-input":{"@type":"PropertyValueSpecification","valueRequired":true,"valueName":"search_term_string"}}],"inLanguage":"pt-PT"},{"@type":"Organization","@id":"https:\/\/www.redegal.com\/pt-pt\/#organization","name":"Redegal","url":"https:\/\/www.redegal.com\/pt-pt\/","logo":{"@type":"ImageObject","inLanguage":"pt-PT","@id":"https:\/\/www.redegal.com\/pt-pt\/#\/schema\/logo\/image\/","url":"https:\/\/www.redegal.com\/wp-content\/uploads\/2025\/05\/Logo-Redegal.svg","contentUrl":"https:\/\/www.redegal.com\/wp-content\/uploads\/2025\/05\/Logo-Redegal.svg","width":"1024","height":"1024","caption":"Redegal"},"image":{"@id":"https:\/\/www.redegal.com\/pt-pt\/#\/schema\/logo\/image\/"},"sameAs":["https:\/\/facebook.com\/Redegal\/","https:\/\/www.instagram.com\/_redegal\/","https:\/\/www.linkedin.com\/company\/redegal\/","https:\/\/www.youtube.com\/channel\/UCDXwbtEULPIYV2I1ugDzeUw","https:\/\/x.com\/redegal"]}]}},"_links":{"self":[{"href":"https:\/\/www.redegal.com\/pt-pt\/wp-json\/wp\/v2\/pages\/16047","targetHints":{"allow":["GET"]}}],"collection":[{"href":"https:\/\/www.redegal.com\/pt-pt\/wp-json\/wp\/v2\/pages"}],"about":[{"href":"https:\/\/www.redegal.com\/pt-pt\/wp-json\/wp\/v2\/types\/page"}],"author":[{"embeddable":true,"href":"https:\/\/www.redegal.com\/pt-pt\/wp-json\/wp\/v2\/users\/1"}],"replies":[{"embeddable":true,"href":"https:\/\/www.redegal.com\/pt-pt\/wp-json\/wp\/v2\/comments?post=16047"}],"version-history":[{"count":2,"href":"https:\/\/www.redegal.com\/pt-pt\/wp-json\/wp\/v2\/pages\/16047\/revisions"}],"predecessor-version":[{"id":16049,"href":"https:\/\/www.redegal.com\/pt-pt\/wp-json\/wp\/v2\/pages\/16047\/revisions\/16049"}],"wp:attachment":[{"href":"https:\/\/www.redegal.com\/pt-pt\/wp-json\/wp\/v2\/media?parent=16047"}],"curies":[{"name":"wp","href":"https:\/\/api.w.org\/{rel}","templated":true}]}}