{"id":14783,"date":"2023-01-30T16:39:27","date_gmt":"2023-01-30T15:39:27","guid":{"rendered":"https:\/\/www.redegal.com\/politica-de-privacidade\/"},"modified":"2025-02-26T09:31:09","modified_gmt":"2025-02-26T08:31:09","slug":"politica-de-privacidade","status":"publish","type":"page","link":"https:\/\/www.redegal.com\/pt-pt\/politica-de-privacidade\/","title":{"rendered":"Pol\u00edtica de Privacidade"},"content":{"rendered":"\n<p>Esta Pol\u00edtica de Privacidade tem como objetivo informar, de acordo com o estabelecido na legisla\u00e7\u00e3o aplic\u00e1vel, sobre o tratamento dos dados pessoais obtidos atrav\u00e9s do website www.redegal.com (doravante, o &#8220;<strong>Website<\/strong>&#8220;).<\/p>\n\n\n\n<p>O acesso e utiliza\u00e7\u00e3o do Website atribui-lhe a condi\u00e7\u00e3o de utilizador (doravante, \u201c<strong>Utilizador\/es<\/strong>\u201d) e implica o conhecimento e a aceita\u00e7\u00e3o das condi\u00e7\u00f5es inclu\u00eddas nesta Pol\u00edtica de Privacidade.<\/p>\n\n\n\n<h2 class=\"wp-block-heading has-large-font-size\"><strong>Quem \u00e9 o Respons\u00e1vel pelo tratamento?<\/strong><\/h2>\n\n\n\n<ul class=\"wp-block-list\">\n<li><strong>Identidade: <\/strong>REDEGAL, S.A. (doravante, \u201c<strong>REDEGAL<\/strong>\u201d)<\/li>\n\n\n\n<li><strong>NIF: <\/strong>A32318354<\/li>\n\n\n\n<li><strong>Endere\u00e7o: <\/strong>Avenida de Santiago, 9 32001 Ourense &#8211; Espanha.<\/li>\n\n\n\n<li><strong>Telefone:<\/strong> +34 988 549 858&nbsp;<\/li>\n\n\n\n<li><strong>E-mail: <\/strong>info@redegal.com<\/li>\n<\/ul>\n\n\n\n<p><\/p>\n\n\n\n<h2 class=\"wp-block-heading has-large-font-size\"><strong>Como recolhemos os dados pessoais?<\/strong><\/h2>\n\n\n\n<p>A REDEGAL recolhe informa\u00e7\u00f5es dos Utilizadores quando estes utilizam funcionalidades do Website que requerem a disponibiliza\u00e7\u00e3o de determinados dados pessoais. Especificamente, a REDEGAL registar\u00e1 as seguintes informa\u00e7\u00f5es:<\/p>\n\n\n\n<ul class=\"wp-block-list\">\n<li><strong>Formul\u00e1rio de contacto e\/ou envio de e-mails:<\/strong> os dados pessoais (incluindo, sem car\u00e1cter limitativo, nome, apelidos, telefone, endere\u00e7o de e-mail e empresa) que o Utilizador voluntariamente fornecer atrav\u00e9s do referido formul\u00e1rio ou ao enviar um e-mail.<\/li>\n<\/ul>\n\n\n\n<ul class=\"wp-block-list\">\n<li><strong>Formul\u00e1rio de inscri\u00e7\u00e3o em ofertas de emprego:<\/strong> os dados pessoais (incluindo, sem car\u00e1ter limitativo, nome e apelidos, telefone, imagem de perfil e os dados constantes do curr\u00edculo e da carta de apresenta\u00e7\u00e3o) que o Utilizador voluntariamente fornecer atrav\u00e9s do formul\u00e1rio indicado.<\/li>\n<\/ul>\n\n\n\n<ul class=\"wp-block-list\">\n<li><strong>Envio de comunica\u00e7\u00f5es comerciais:<\/strong> os dados pessoais (incluindo, sem car\u00e1ter limitativo, o endere\u00e7o de e-mail) que o Utilizador voluntariamente nos fornecer atrav\u00e9s do formul\u00e1rio disponibilizado no Website.<\/li>\n<\/ul>\n\n\n\n<p>  <\/p>\n\n\n\n<h2 class=\"wp-block-heading has-large-font-size\"><strong>Com que finalidade tratamos os seus dados?<\/strong><\/h2>\n\n\n\n<p>Os dados pessoais fornecidos pelo Utilizador atrav\u00e9s dos formul\u00e1rios e funcionalidades do Website ser\u00e3o tratados para as seguintes finalidades e bases legais:<\/p>\n\n\n\n<ul class=\"wp-block-list\">\n<li><em>Interesse leg\u00edtimo (art. 6.1, letra \u201cf\u201d del RGPD)<\/em>\n<ul class=\"wp-block-list\">\n<li>Para atender e responder \u00e0s solicita\u00e7\u00f5es feitas pelos Utilizadores atrav\u00e9s dos formul\u00e1rios web e\/ou atrav\u00e9s do envio de e-mails para os endere\u00e7os fornecidos no Websit<\/li>\n<\/ul>\n<\/li>\n\n\n\n<li><em>Consentimento do interessado (art. 6.1, letra \u201ca\u201d del RGPD)<\/em>\n<ul class=\"wp-block-list\">\n<li>Mediante autoriza\u00e7\u00e3o do Utilizador, para o envio de comunica\u00e7\u00f5es comerciais por meios eletr\u00f3nicos sobre os produtos e\/ou servi\u00e7os oferecidos pela REDEGAL.<\/li>\n\n\n\n<li>Para avaliar e gerir a sua eventual participa\u00e7\u00e3o nos processos de sele\u00e7\u00e3o de pessoal, presentes ou futuros, levados a cabo pela REDEGAL.<\/li>\n<\/ul>\n<\/li>\n\n\n\n<li><em>Cumprimento das obriga\u00e7\u00f5es legais aplic\u00e1veis \u00e0 REDEGAL decorrentes dos tratamentos acima mencionados (art. 6.1, letra \u201cc\u201d del RGPD)<\/em>.<\/li>\n<\/ul>\n\n\n\n<p>  <\/p>\n\n\n\n<h2 class=\"wp-block-heading has-large-font-size\"><strong>A quem comunicamos os seus dados?<\/strong><\/h2>\n\n\n\n<p>Os dados pessoais dos Utilizadores n\u00e3o ser\u00e3o comunicados a terceiros, salvo para o cumprimento de obriga\u00e7\u00f5es legais \u00e0s quais a REDEGAL esteja sujeita.<\/p>\n\n\n\n<p>No entanto, a REDEGAL poder\u00e1 contratar terceiros fornecedores para a infraestrutura e\/ou servi\u00e7os necess\u00e1rios ao correto funcionamento do Website e suas funcionalidades. Nestes casos, a REDEGAL compromete-se a selecionar e contratar apenas fornecedores que ofere\u00e7am um n\u00edvel adequado de prote\u00e7\u00e3o e permitam o exerc\u00edcio dos seus direitos em rela\u00e7\u00e3o ao tratamento dos seus dados pessoais<\/p>\n\n\n\n<p>A contrata\u00e7\u00e3o desses fornecedores pode implicar a transfer\u00eancia de dados pessoais para empresas fora da Uni\u00e3o Europeia (UE), desde que estas garantam a ado\u00e7\u00e3o de acordos ou mecanismos adequados de transfer\u00eancia internacional para assegurar a prote\u00e7\u00e3o dos seus dados pessoais.<\/p>\n\n\n\n<p>Em particular, a REDEGAL comunica informa\u00e7\u00f5es pessoais \u00e0s seguintes entidades localizadas fora da UE:<\/p>\n\n\n\n<p>Muitas das ferramentas que utilizamos para gerir os seus dados s\u00e3o fornecidas por terceiros. Para prestar servi\u00e7os estritamente necess\u00e1rios \u00e0 atividade, <a href=\"https:\/\/www.redegal.com\/pt-pt\/\">https:\/\/www.redegal.com\/pt-pt\/<\/a> partilha dados com os seguintes prestadores, de acordo com as suas respetivas pol\u00edticas de privacidade:<\/p>\n\n\n\n<p><strong>Google Analytics<\/strong>. Servi\u00e7o de an\u00e1lise web fornecido pela Google, Inc., uma empresa de Delaware com sede principal em 1600 Amphitheatre Parkway, Mountain View, CA 94043, Estados Unidos (\u201cGoogle\u201d). O Google Analytics utiliza \u201ccookies\u201d, que s\u00e3o arquivos de texto armazenados no seu computador, para ajudar <a href=\"https:\/\/www.redegal.com\/pt-pt\/\">https:\/\/www.redegal.com\/pt-pt\/<\/a> a analisar a utiliza\u00e7\u00e3o do Website pelos Utilizadores. A informa\u00e7\u00e3o gerada pelo cookie sobre o uso do site (incluindo o seu endere\u00e7o IP) ser\u00e1 transmitida e armazenada pela Google nos seus servidores nos Estados Unidos.<\/p>\n\n\n\n<p><strong>Navega\u00e7\u00e3o<\/strong>. Ao navegar em <a href=\"https:\/\/www.redegal.com\/pt-pt\/\">https:\/\/www.redegal.com\/pt-pt\/<\/a>, podem ser recolhidos dados n\u00e3o identific\u00e1veis, incluindo endere\u00e7os IP, localiza\u00e7\u00e3o geogr\u00e1fica (aproximada), registo de como os servi\u00e7os e o Website s\u00e3o utilizados, e outros dados que n\u00e3o permitem a identifica\u00e7\u00e3o do Utilizador. Entre esses dados est\u00e3o tamb\u00e9m os relativos aos seus h\u00e1bitos de navega\u00e7\u00e3o atrav\u00e9s de servi\u00e7os de terceiros, tais como:<\/p>\n\n\n\n<ul class=\"wp-block-list\">\n<li>Google Analytics<\/li>\n\n\n\n<li>Facebook inside.<\/li>\n<\/ul>\n\n\n\n<p><\/p>\n\n\n\n<h2 class=\"wp-block-heading has-large-font-size\" style=\"font-style:normal;font-weight:600\"><strong>Por quanto tempo conservamos os seus dados?<\/strong><\/h2>\n\n\n\n<ul class=\"wp-block-list\">\n<li><em>Formul\u00e1rio de contacto e\/ou e-mails<\/em>: os dados pessoais ser\u00e3o mantidos pela REDEGAL apenas pelo tempo necess\u00e1rio para atender e gerir cada solicita\u00e7\u00e3o do Utilizador.<\/li>\n<\/ul>\n\n\n\n<ul class=\"wp-block-list\">\n<li><em>Envio de comunica\u00e7\u00f5es comerciais<\/em>: at\u00e9 que o Utilizador revogue o consentimento para o seu envio..<\/li>\n<\/ul>\n\n\n\n<ul class=\"wp-block-list\">\n<li><em>Inscri\u00e7\u00e3o em ofertas de emprego<\/em>: os dados ser\u00e3o conservados por um per\u00edodo m\u00e1ximo de 1 ANO.<\/li>\n<\/ul>\n\n\n\n<p>Ap\u00f3s os prazos indicados, os dados pessoais poder\u00e3o ser bloqueados e mantidos pela REDEGAL para o cumprimento de poss\u00edveis responsabilidades decorrentes do tratamento, durante o per\u00edodo de prescri\u00e7\u00e3o dessas responsabilidades. Decorrido esse per\u00edodo, os dados ser\u00e3o eliminados.<\/p>\n\n\n\n<h2 class=\"wp-block-heading has-large-font-size\"><strong>Como posso atualizar os meus dados pessoais?<\/strong><\/h2>\n\n\n\n<p>O Utilizador garante que os dados pessoais fornecidos \u00e0 REDEGAL atrav\u00e9s deste Website s\u00e3o verdadeiros, corretos, atuais e completos. O Utilizador \u00e9 respons\u00e1vel por comunicar qualquer modifica\u00e7\u00e3o ou atualiza\u00e7\u00e3o dos mesmos, enviando uma comunica\u00e7\u00e3o para os endere\u00e7os postais ou eletr\u00f3nicos indicados na sec\u00e7\u00e3o &#8220;<em>Quais s\u00e3o os seus direitos?<\/em>&#8220;.<\/p>\n\n\n\n<h2 class=\"wp-block-heading has-large-font-size\"><strong>O que acontece se fornecer dados de terceiros \u00e0 REDEGAL?<\/strong><\/h2>\n\n\n\n<p>De modo geral, \u00e9 proibido que os Utilizadores forne\u00e7am dados pessoais de terceiros. No entanto, caso o Utilizador forne\u00e7a dados de terceiros, deve, antes de os comunicar \u00e0 REDEGAL, informar essas pessoas sobre o conte\u00fado desta Pol\u00edtica de Privacidade. O Utilizador garante que obteve o consentimento pr\u00e9vio dessas pessoas para a comunica\u00e7\u00e3o dos seus dados pessoais \u00e0 REDEGAL para os fins descritos nesta Pol\u00edtica.<\/p>\n\n\n\n<h2 class=\"wp-block-heading has-large-font-size\"><strong>Quais s\u00e3o os seus direitos?<\/strong><\/h2>\n\n\n\n<p>Os Utilizadores t\u00eam o direito de retirar, a qualquer momento, o consentimento dado para o tratamento dos seus dados. Al\u00e9m disso, podem exercer perante a REDEGAL os seus direitos de acesso, retifica\u00e7\u00e3o, elimina\u00e7\u00e3o e portabilidade dos seus dados, de limita\u00e7\u00e3o e oposi\u00e7\u00e3o ao seu tratamento, bem como o direito de n\u00e3o ser objeto de decis\u00f5es baseadas exclusivamente no tratamento automatizado dos seus dados, quando aplic\u00e1vel.<\/p>\n\n\n\n<p>Para tal, podem utilizar os seguintes canais, anexando sempre uma c\u00f3pia do seu documento de identifica\u00e7\u00e3o:<\/p>\n\n\n\n<ul class=\"wp-block-list\">\n<li><em>Por carta<\/em>: Avenida de Santiago, 9 32001 Ourense &#8211; Espanha.<\/li>\n\n\n\n<li><em>Por e-mail<\/em>: info@redegal.com<\/li>\n<\/ul>\n\n\n\n<p>Por fim, caso o Utilizador tenha conhecimento de uma poss\u00edvel viola\u00e7\u00e3o da legisla\u00e7\u00e3o aplic\u00e1vel em mat\u00e9ria de prote\u00e7\u00e3o de dados, poder\u00e1 apresentar uma reclama\u00e7\u00e3o junto da Ag\u00eancia Espanhola de Prote\u00e7\u00e3o de Dados.<\/p>\n\n\n\n<h2 class=\"wp-block-heading has-large-font-size\"><strong>Atualiza\u00e7\u00f5es e altera\u00e7\u00f5es na Pol\u00edtica de Privacidade<\/strong><\/h2>\n\n\n\n<p>A REDEGAL reserva-se o direito de modificar esta Pol\u00edtica de Privacidade. Sempre que forem efetuadas altera\u00e7\u00f5es, os Utilizadores ser\u00e3o informados atrav\u00e9s de avisos no Website, e-mails ou outros meios adequados<\/p>\n\n\n\n<h2 class=\"wp-block-heading has-large-font-size\"><strong>E-mails comerciais<\/strong><\/h2>\n\n\n\n<p>De acordo com a LSSICE, <a href=\"https:\/\/www.redegal.com\/pt-pt\/\">https:\/\/www.redegal.com\/pt-pt\/<\/a> n\u00e3o realiza pr\u00e1ticas de SPAM, pelo que n\u00e3o envia e-mails comerciais por via eletr\u00f3nica que n\u00e3o tenham sido previamente solicitados ou autorizados pelo utilizador. Consequentemente, em cada um dos formul\u00e1rios dispon\u00edveis no website, o utilizador tem a possibilidade de dar o seu consentimento expresso para receber a newsletter, independentemente da informa\u00e7\u00e3o comercial solicitada pontualmente.<\/p>\n\n\n\n<p>Nos termos da Lei 34\/2002 de Servi\u00e7os da Sociedade da Informa\u00e7\u00e3o e de Com\u00e9rcio Eletr\u00f3nico, <a href=\"https:\/\/www.redegal.com\/pt-pt\/\">https:\/\/www.redegal.com\/pt-pt\/<\/a> compromete-se a n\u00e3o enviar comunica\u00e7\u00f5es de car\u00e1ter comercial sem as identificar devidamente.<\/p>\n\n\n\n<p><\/p>\n","protected":false},"excerpt":{"rendered":"<p>Esta Pol\u00edtica de Privacidade tem como objetivo informar, de acordo com o estabelecido na legisla\u00e7\u00e3o aplic\u00e1vel, sobre o tratamento dos dados pessoais obtidos atrav\u00e9s do website www.redegal.com (doravante, o &#8220;Website&#8220;). O acesso e utiliza\u00e7\u00e3o do Website atribui-lhe a condi\u00e7\u00e3o de utilizador (doravante, \u201cUtilizador\/es\u201d) e implica o conhecimento e a aceita\u00e7\u00e3o das condi\u00e7\u00f5es inclu\u00eddas nesta Pol\u00edtica [&hellip;]<\/p>\n","protected":false},"author":1,"featured_media":0,"parent":0,"menu_order":0,"comment_status":"closed","ping_status":"closed","template":"","meta":{"_acf_changed":false,"content-type":"","inline_featured_image":false,"footnotes":""},"class_list":["post-14783","page","type-page","status-publish","hentry"],"acf":[],"yoast_head":"<!-- This site is optimized with the Yoast SEO plugin v26.6 - https:\/\/yoast.com\/wordpress\/plugins\/seo\/ -->\n<title>Politica de Privacidade | Redegal<\/title>\n<meta name=\"robots\" content=\"index, follow, max-snippet:-1, max-image-preview:large, max-video-preview:-1\" \/>\n<link rel=\"canonical\" href=\"https:\/\/www.redegal.com\/pt-pt\/politica-de-privacidade\/\" \/>\n<meta property=\"og:locale\" content=\"pt_PT\" \/>\n<meta property=\"og:type\" content=\"article\" \/>\n<meta property=\"og:title\" content=\"Politica de Privacidade | Redegal\" \/>\n<meta property=\"og:description\" content=\"Esta Pol\u00edtica de Privacidade tem como objetivo informar, de acordo com o estabelecido na legisla\u00e7\u00e3o aplic\u00e1vel, sobre o tratamento dos dados pessoais obtidos atrav\u00e9s do website www.redegal.com (doravante, o &#8220;Website&#8220;). O acesso e utiliza\u00e7\u00e3o do Website atribui-lhe a condi\u00e7\u00e3o de utilizador (doravante, \u201cUtilizador\/es\u201d) e implica o conhecimento e a aceita\u00e7\u00e3o das condi\u00e7\u00f5es inclu\u00eddas nesta Pol\u00edtica [&hellip;]\" \/>\n<meta property=\"og:url\" content=\"https:\/\/www.redegal.com\/pt-pt\/politica-de-privacidade\/\" \/>\n<meta property=\"og:site_name\" content=\"Redegal\" \/>\n<meta property=\"article:publisher\" content=\"https:\/\/facebook.com\/Redegal\/\" \/>\n<meta property=\"article:modified_time\" content=\"2025-02-26T08:31:09+00:00\" \/>\n<meta property=\"og:image\" content=\"https:\/\/www.redegal.com\/wp-content\/uploads\/2021\/11\/Redegal-Social-Thumb.jpg\" \/>\n\t<meta property=\"og:image:width\" content=\"1200\" \/>\n\t<meta property=\"og:image:height\" content=\"600\" \/>\n\t<meta property=\"og:image:type\" content=\"image\/jpeg\" \/>\n<meta name=\"twitter:card\" content=\"summary_large_image\" \/>\n<meta name=\"twitter:label1\" content=\"Tempo estimado de leitura\" \/>\n\t<meta name=\"twitter:data1\" content=\"7 minutos\" \/>\n<script type=\"application\/ld+json\" class=\"yoast-schema-graph\">{\"@context\":\"https:\/\/schema.org\",\"@graph\":[{\"@type\":\"WebPage\",\"@id\":\"https:\/\/www.redegal.com\/pt-pt\/politica-de-privacidade\/\",\"url\":\"https:\/\/www.redegal.com\/pt-pt\/politica-de-privacidade\/\",\"name\":\"Politica de Privacidade | Redegal\",\"isPartOf\":{\"@id\":\"https:\/\/www.redegal.com\/pt-pt\/#website\"},\"datePublished\":\"2023-01-30T15:39:27+00:00\",\"dateModified\":\"2025-02-26T08:31:09+00:00\",\"breadcrumb\":{\"@id\":\"https:\/\/www.redegal.com\/pt-pt\/politica-de-privacidade\/#breadcrumb\"},\"inLanguage\":\"pt-PT\",\"potentialAction\":[{\"@type\":\"ReadAction\",\"target\":[\"https:\/\/www.redegal.com\/pt-pt\/politica-de-privacidade\/\"]}]},{\"@type\":\"BreadcrumbList\",\"@id\":\"https:\/\/www.redegal.com\/pt-pt\/politica-de-privacidade\/#breadcrumb\",\"itemListElement\":[{\"@type\":\"ListItem\",\"position\":1,\"name\":\"Home\",\"item\":\"https:\/\/www.redegal.com\/pt-pt\/\"},{\"@type\":\"ListItem\",\"position\":2,\"name\":\"Pol\u00edtica de Privacidade\"}]},{\"@type\":\"WebSite\",\"@id\":\"https:\/\/www.redegal.com\/pt-pt\/#website\",\"url\":\"https:\/\/www.redegal.com\/pt-pt\/\",\"name\":\"Redegal\",\"description\":\"\",\"publisher\":{\"@id\":\"https:\/\/www.redegal.com\/pt-pt\/#organization\"},\"potentialAction\":[{\"@type\":\"SearchAction\",\"target\":{\"@type\":\"EntryPoint\",\"urlTemplate\":\"https:\/\/www.redegal.com\/pt-pt\/?s={search_term_string}\"},\"query-input\":{\"@type\":\"PropertyValueSpecification\",\"valueRequired\":true,\"valueName\":\"search_term_string\"}}],\"inLanguage\":\"pt-PT\"},{\"@type\":\"Organization\",\"@id\":\"https:\/\/www.redegal.com\/pt-pt\/#organization\",\"name\":\"Redegal\",\"url\":\"https:\/\/www.redegal.com\/pt-pt\/\",\"logo\":{\"@type\":\"ImageObject\",\"inLanguage\":\"pt-PT\",\"@id\":\"https:\/\/www.redegal.com\/pt-pt\/#\/schema\/logo\/image\/\",\"url\":\"https:\/\/www.redegal.com\/wp-content\/uploads\/2025\/05\/Logo-Redegal.svg\",\"contentUrl\":\"https:\/\/www.redegal.com\/wp-content\/uploads\/2025\/05\/Logo-Redegal.svg\",\"width\":\"1024\",\"height\":\"1024\",\"caption\":\"Redegal\"},\"image\":{\"@id\":\"https:\/\/www.redegal.com\/pt-pt\/#\/schema\/logo\/image\/\"},\"sameAs\":[\"https:\/\/facebook.com\/Redegal\/\",\"https:\/\/www.instagram.com\/_redegal\/\",\"https:\/\/www.linkedin.com\/company\/redegal\/\",\"https:\/\/www.youtube.com\/channel\/UCDXwbtEULPIYV2I1ugDzeUw\",\"https:\/\/x.com\/redegal\"]}]}<\/script>\n<!-- \/ Yoast SEO plugin. -->","yoast_head_json":{"title":"Politica de Privacidade | Redegal","robots":{"index":"index","follow":"follow","max-snippet":"max-snippet:-1","max-image-preview":"max-image-preview:large","max-video-preview":"max-video-preview:-1"},"canonical":"https:\/\/www.redegal.com\/pt-pt\/politica-de-privacidade\/","og_locale":"pt_PT","og_type":"article","og_title":"Politica de Privacidade | Redegal","og_description":"Esta Pol\u00edtica de Privacidade tem como objetivo informar, de acordo com o estabelecido na legisla\u00e7\u00e3o aplic\u00e1vel, sobre o tratamento dos dados pessoais obtidos atrav\u00e9s do website www.redegal.com (doravante, o &#8220;Website&#8220;). O acesso e utiliza\u00e7\u00e3o do Website atribui-lhe a condi\u00e7\u00e3o de utilizador (doravante, \u201cUtilizador\/es\u201d) e implica o conhecimento e a aceita\u00e7\u00e3o das condi\u00e7\u00f5es inclu\u00eddas nesta Pol\u00edtica [&hellip;]","og_url":"https:\/\/www.redegal.com\/pt-pt\/politica-de-privacidade\/","og_site_name":"Redegal","article_publisher":"https:\/\/facebook.com\/Redegal\/","article_modified_time":"2025-02-26T08:31:09+00:00","og_image":[{"width":1200,"height":600,"url":"https:\/\/www.redegal.com\/wp-content\/uploads\/2021\/11\/Redegal-Social-Thumb.jpg","type":"image\/jpeg"}],"twitter_card":"summary_large_image","twitter_misc":{"Tempo estimado de leitura":"7 minutos"},"schema":{"@context":"https:\/\/schema.org","@graph":[{"@type":"WebPage","@id":"https:\/\/www.redegal.com\/pt-pt\/politica-de-privacidade\/","url":"https:\/\/www.redegal.com\/pt-pt\/politica-de-privacidade\/","name":"Politica de Privacidade | Redegal","isPartOf":{"@id":"https:\/\/www.redegal.com\/pt-pt\/#website"},"datePublished":"2023-01-30T15:39:27+00:00","dateModified":"2025-02-26T08:31:09+00:00","breadcrumb":{"@id":"https:\/\/www.redegal.com\/pt-pt\/politica-de-privacidade\/#breadcrumb"},"inLanguage":"pt-PT","potentialAction":[{"@type":"ReadAction","target":["https:\/\/www.redegal.com\/pt-pt\/politica-de-privacidade\/"]}]},{"@type":"BreadcrumbList","@id":"https:\/\/www.redegal.com\/pt-pt\/politica-de-privacidade\/#breadcrumb","itemListElement":[{"@type":"ListItem","position":1,"name":"Home","item":"https:\/\/www.redegal.com\/pt-pt\/"},{"@type":"ListItem","position":2,"name":"Pol\u00edtica de Privacidade"}]},{"@type":"WebSite","@id":"https:\/\/www.redegal.com\/pt-pt\/#website","url":"https:\/\/www.redegal.com\/pt-pt\/","name":"Redegal","description":"","publisher":{"@id":"https:\/\/www.redegal.com\/pt-pt\/#organization"},"potentialAction":[{"@type":"SearchAction","target":{"@type":"EntryPoint","urlTemplate":"https:\/\/www.redegal.com\/pt-pt\/?s={search_term_string}"},"query-input":{"@type":"PropertyValueSpecification","valueRequired":true,"valueName":"search_term_string"}}],"inLanguage":"pt-PT"},{"@type":"Organization","@id":"https:\/\/www.redegal.com\/pt-pt\/#organization","name":"Redegal","url":"https:\/\/www.redegal.com\/pt-pt\/","logo":{"@type":"ImageObject","inLanguage":"pt-PT","@id":"https:\/\/www.redegal.com\/pt-pt\/#\/schema\/logo\/image\/","url":"https:\/\/www.redegal.com\/wp-content\/uploads\/2025\/05\/Logo-Redegal.svg","contentUrl":"https:\/\/www.redegal.com\/wp-content\/uploads\/2025\/05\/Logo-Redegal.svg","width":"1024","height":"1024","caption":"Redegal"},"image":{"@id":"https:\/\/www.redegal.com\/pt-pt\/#\/schema\/logo\/image\/"},"sameAs":["https:\/\/facebook.com\/Redegal\/","https:\/\/www.instagram.com\/_redegal\/","https:\/\/www.linkedin.com\/company\/redegal\/","https:\/\/www.youtube.com\/channel\/UCDXwbtEULPIYV2I1ugDzeUw","https:\/\/x.com\/redegal"]}]}},"_links":{"self":[{"href":"https:\/\/www.redegal.com\/pt-pt\/wp-json\/wp\/v2\/pages\/14783","targetHints":{"allow":["GET"]}}],"collection":[{"href":"https:\/\/www.redegal.com\/pt-pt\/wp-json\/wp\/v2\/pages"}],"about":[{"href":"https:\/\/www.redegal.com\/pt-pt\/wp-json\/wp\/v2\/types\/page"}],"author":[{"embeddable":true,"href":"https:\/\/www.redegal.com\/pt-pt\/wp-json\/wp\/v2\/users\/1"}],"replies":[{"embeddable":true,"href":"https:\/\/www.redegal.com\/pt-pt\/wp-json\/wp\/v2\/comments?post=14783"}],"version-history":[{"count":2,"href":"https:\/\/www.redegal.com\/pt-pt\/wp-json\/wp\/v2\/pages\/14783\/revisions"}],"predecessor-version":[{"id":14826,"href":"https:\/\/www.redegal.com\/pt-pt\/wp-json\/wp\/v2\/pages\/14783\/revisions\/14826"}],"wp:attachment":[{"href":"https:\/\/www.redegal.com\/pt-pt\/wp-json\/wp\/v2\/media?parent=14783"}],"curies":[{"name":"wp","href":"https:\/\/api.w.org\/{rel}","templated":true}]}}