{"id":3,"date":"2021-10-25T17:46:50","date_gmt":"2021-10-25T17:46:50","guid":{"rendered":"http:\/\/redegal.local\/?page_id=3"},"modified":"2021-12-01T09:39:04","modified_gmt":"2021-12-01T08:39:04","slug":"cookies","status":"publish","type":"page","link":"https:\/\/www.redegal.com\/es\/cookies\/","title":{"rendered":"Pol\u00edtica de cookies"},"content":{"rendered":"\n<p>REDEGAL, S.L. (en adelante, Redegal) le informa de que el sitio web https:\/\/www.redegal.com\/ utiliza cookies. A continuaci\u00f3n, encontrar\u00e1 informaci\u00f3n detallada sobre las cookies empleadas en dicha p\u00e1gina web, sus caracter\u00edsticas, finalidades y la forma de deshabilitarlas.<\/p>\n\n\n\n<h2 class=\"wp-block-heading\">\u00bfQu\u00e9 es una Cookie?<\/h2>\n\n\n\n<p>Una cookie es un fichero que se descarga en su ordenador al acceder a una determinada p\u00e1gina Web. Las cookies permiten a dicha p\u00e1gina Web, entre otras cosas, almacenar y recuperar informaci\u00f3n sobre los h\u00e1bitos de navegaci\u00f3n de un usuario o de su equipo y, dependiendo de la informaci\u00f3n que contengan y de la forma en que utilice su equipo, pueden utilizarse para reconocer al usuario y mejorar el servicio ofrecido.<\/p>\n\n\n\n<h2 class=\"wp-block-heading\">Tipos de Cookies<\/h2>\n\n\n\n<p>https:\/\/www.redegal.com\/ emplea Cookies propias y de terceros, pudiendo tratarse de cookies de sesi\u00f3n o cookies persistentes.<\/p>\n\n\n\n<p>El uso de las cookies nos permite optimizar su navegaci\u00f3n, adaptando la informaci\u00f3n y los servicios ofrecidos a sus intereses, para proporcionarle una experiencia m\u00e1s \u00e1gil e intuitiva.<\/p>\n\n\n\n<h2 class=\"wp-block-heading\">Cookies estrictamente necesarias<\/h2>\n\n\n\n<div class=\"table-container\">\r\n  <table>\r\n    <thead>\r\n      <tr>\r\n        <th style=\"--min-width: 110px;\"><strong>Nombre<\/strong><\/th>\r\n        <th style=\"--min-width: 150px;\"><strong>Proveedor<\/strong><\/th>\r\n        <th style=\"--min-width: 500px;\"><strong>Prop\u00f3sito<\/strong><\/th>\r\n        <th style=\"--min-width: 130px;\"><strong>Expiraci\u00f3n<\/strong><\/th>\r\n      <\/tr>\r\n    <\/thead>\r\n    <tbody>\r\n      <tr>\r\n        <td>rc::a<\/td>\r\n        <td>google.com<\/td>\r\n        <td>Esta cookie se utiliza para distinguir entre humanos y bots. Esto es beneficioso para la web con el objeto de elaborar in formes v\u00e1lidos sobre el uso de su web.<\/td>\r\n        <td>Persistente<\/td>\r\n      <\/tr>\r\n      <tr>\r\n        <td>rc::c<\/td>\r\n        <td>google.com<\/td>\r\n        <td>Esta cookie se utiliza para distinguir entre humanos y bots.<\/td>\r\n        <td>Sesi\u00f3n<\/td>\r\n      <\/tr>\r\n      <tr>\r\n        <td>lang<\/td>\r\n        <td>ads.linkedin.com<\/td>\r\n        <td>Recuerda el idioma seleccionado por un usuario con el que visualizar una p\u00e1gina web<\/td>\r\n        <td>Sesi\u00f3n<\/td>\r\n      <\/tr>\r\n    <\/tbody>\r\n  <\/table>\r\n<\/div>\n\n\n\n<h2 class=\"wp-block-heading\">Cookies de terceros <\/h2>\n\n\n\n<div class=\"table-container\">\r\n  <table>\r\n    <thead>\r\n      <tr>\r\n        <th style=\"--min-width: 200px;\"><strong>Nombre<\/strong><\/th>\r\n        <th style=\"--min-width: 150px;\"><strong>Proveedor<\/strong><\/th>\r\n        <th style=\"--min-width: 700px;\"><strong>Prop\u00f3sito<\/strong><\/th>\r\n        <th style=\"--min-width: 130px;\"><strong>Expiraci\u00f3n<\/strong><\/th>\r\n      <\/tr>\r\n    <\/thead>\r\n    <tbody>\r\n      <tr>\r\n        <td>__hssc<\/td>\r\n        <td>redegal.com<\/td>\r\n        <td>Identifica si los datos del navegador necesitan ser actualizados.<\/td>\r\n        <td>1 d\u00eda<\/td>\r\n      <\/tr>\r\n      <tr>\r\n        <td>__hssrc<\/td>\r\n        <td>redegal.com<\/td>\r\n        <td>Utilizada para reconocer el navegador del visitante en su reentrada en la web<\/td>\r\n        <td>Sesi\u00f3n<\/td>\r\n      <\/tr>\r\n      <tr>\r\n        <td>__hstc<\/td>\r\n        <td>redegal.com<\/td>\r\n        <td>Establece u n identificador para la sesi\u00f3n. Esto permite a la web obtener datos del comportamiento del visitante con prop\u00f3sitos estad\u00edsticos<\/td>\r\n        <td>1 a\u00f1o<\/td>\r\n      <\/tr>\r\n      <tr>\r\n        <td>AnalyticsSyncHistory<\/td>\r\n        <td>linkedin.com<\/td>\r\n        <td>Se utiliza en relaci\u00f3n con la sincronizaci\u00f3n de datos con el servicio de an\u00e1lisis de terceras partes.<\/td>\r\n        <td>29 d\u00edas<\/td>\r\n      <\/tr>\r\n      <tr>\r\n        <td>hubspotutk<\/td>\r\n        <td>redegal.com<\/td>\r\n        <td>Establece un identificador para la sesi\u00f3n. Esto permite a la web obtener datos del comportamiento del visitan te con prop\u00f3sitos estad\u00edsticos<\/td>\r\n        <td>1 a\u00f1o<\/td>\r\n      <\/tr>\r\n      <tr>\r\n        <td>__ptq.gif<\/td>\r\n        <td>hubspot.com<\/td>\r\n        <td>Env\u00eda datos a la plataforma de marketing Hubspot sobre el comportamiento y el dispositivo del visitante. Lleva un seguimiento del visitante en diferentes dispositivos y canales de marketing.<\/td>\r\n        <td>Sesi\u00f3n<\/td>\r\n      <\/tr>\r\n      <tr>\r\n        <td>_fbp<\/td>\r\n        <td>redegal.com<\/td>\r\n        <td>Utilizada por Facebook para proporcionar una serie de productos publicitarios como pujas en tiempo real de terceros anunciantes.<\/td>\r\n        <td>3 meses<\/td>\r\n      <\/tr>\r\n      <tr>\r\n        <td>bcookie<\/td>\r\n        <td>linkedin.com<\/td>\r\n        <td>Utilizada por el servicio de networking social LinkedIn para rastrear el uso de servicios incrustados<\/td>\r\n        <td>2 a\u00f1os<\/td>\r\n      <\/tr>\r\n      <tr>\r\n        <td>bscookie<\/td>\r\n        <td>linkedin.com<\/td>\r\n        <td>Utilizada por el servicio de networking social LinkedIn para rastrear el uso de servicios incrustados.<\/td>\r\n        <td>2 a\u00f1os<\/td>\r\n      <\/tr>\r\n      <tr>\r\n        <td>embed\/v3\/counters.gif<\/td>\r\n        <td>forms.hsforms.com<\/td>\r\n        <td>Recoge informaci\u00f3n de las preferencias y\/o interacci\u00f3n del usuario con contenido de campa\u00f1as web \u2013 Esto se usa en la plataforma de campa\u00f1a CRM, utilizada para propietarios de webs para promover eventos o productos.<\/td>\r\n        <td>Sesi\u00f3n<\/td>\r\n      <\/tr>\r\n      <tr>\r\n        <td>lang<\/td>\r\n        <td>linkedin.com<\/td>\r\n        <td>Establecida por LinkedIn cuando una p\u00e1gina web contiene un pan el \u201cS\u00edganos\u201d incrustado.<\/td>\r\n        <td>Sesi\u00f3n<\/td>\r\n      <\/tr>\r\n      <tr>\r\n        <td>lidc<\/td>\r\n        <td>linkedin.com<\/td>\r\n        <td>Utilizada por el servicio de networking social LinkedIn para rastrear el uso de servicios incrustados<\/td>\r\n        <td>1 d\u00eda<\/td>\r\n      <\/tr>\r\n      <tr>\r\n        <td>NID<\/td>\r\n        <td>google.com<\/td>\r\n        <td>Utilizada por el servicio de networking social LinkedIn para rastrear el uso de servicios incrustados.<\/td>\r\n        <td>6 meses<\/td>\r\n      <\/tr>\r\n      <tr>\r\n        <td>tr<\/td>\r\n        <td>facebook.com<\/td>\r\n        <td>Utilizada por Facebook para proporcionar una serie de productos publicitarios como pujas en tiempo real de terceros anunciantes.<\/td>\r\n        <td>Sesi\u00f3n<\/td>\r\n      <\/tr>\r\n      <tr>\r\n        <td>UserMatchHistory<\/td>\r\n        <td>linkedin.com<\/td>\r\n        <td>Utilizada para rastrear a los visitantes en las m\u00faltiples webs para presentar publicidad relevante basada en las preferencias del visitante<\/td>\r\n        <td>29 d\u00edas<\/td>\r\n      <\/tr>\r\n    <\/tbody>\r\n  <\/table>\r\n<\/div>\n\n\n\n<h2 class=\"wp-block-heading\">Consentimiento<\/h2>\n\n\n\n<p>Al pulsar en el bot\u00f3n \u201cAceptar\u201d del banner inicial de aviso, al fondo de la p\u00e1gina, consientes el uso de las cookies no necesarias descritas en las condiciones expresadas. Asimismo, puedes personalizar dicho consentimiento mediante el bot\u00f3n \u201cOpciones\u201d, donde encontrar\u00e1s la descripci\u00f3n y enumeraci\u00f3n concreta de todas las cookies clasificadas por categor\u00edas.<\/p>\n\n\n\n<p>Si no realizas ninguna de las acciones anteriores, no se entender\u00e1 que consientas la instalaci\u00f3n de dichas cookies no necesarias y, por tanto, no se deber\u00edan instalar. No obstante, si se instalase alguna cookie fuera de nuestro conocimiento o control, te rogamos nos disculpes y lo comuniques a trav\u00e9s de la secci\u00f3n contacto para corregirlo en menor plazo de tiempo posible.<\/p>\n\n\n\n<h2 class=\"wp-block-heading\">Configuraci\u00f3n y modificaci\u00f3n<\/h2>\n\n\n\n<p>Puedes restringir, bloquear o eliminar las cookies instaladas en tu equipo mediante la configuraci\u00f3n de las opciones del navegador instalado en tu ordenador.<\/p>\n","protected":false},"excerpt":{"rendered":"<p>REDEGAL, S.L. (en adelante, Redegal) le informa de que el sitio web https:\/\/www.redegal.com\/ utiliza cookies. A continuaci\u00f3n, encontrar\u00e1 informaci\u00f3n detallada sobre las cookies empleadas en dicha p\u00e1gina web, sus caracter\u00edsticas, finalidades y la forma de deshabilitarlas. \u00bfQu\u00e9 es una Cookie? Una cookie es un fichero que se descarga en su ordenador al acceder a una [&hellip;]<\/p>\n","protected":false},"author":1,"featured_media":0,"parent":0,"menu_order":0,"comment_status":"closed","ping_status":"open","template":"","meta":{"_acf_changed":false,"inline_featured_image":false,"footnotes":""},"class_list":["post-3","page","type-page","status-publish","hentry"],"acf":[],"yoast_head":"<!-- This site is optimized with the Yoast SEO plugin v26.6 - https:\/\/yoast.com\/wordpress\/plugins\/seo\/ -->\n<title>Pol\u00edtica de cookies - Redegal<\/title>\n<meta name=\"robots\" content=\"index, follow, max-snippet:-1, max-image-preview:large, max-video-preview:-1\" \/>\n<link rel=\"canonical\" href=\"https:\/\/www.redegal.com\/es\/cookies\/\" \/>\n<meta property=\"og:locale\" content=\"es_ES\" \/>\n<meta property=\"og:type\" content=\"article\" \/>\n<meta property=\"og:title\" content=\"Pol\u00edtica de cookies - Redegal\" \/>\n<meta property=\"og:description\" content=\"REDEGAL, S.L. (en adelante, Redegal) le informa de que el sitio web https:\/\/www.redegal.com\/ utiliza cookies. A continuaci\u00f3n, encontrar\u00e1 informaci\u00f3n detallada sobre las cookies empleadas en dicha p\u00e1gina web, sus caracter\u00edsticas, finalidades y la forma de deshabilitarlas. \u00bfQu\u00e9 es una Cookie? Una cookie es un fichero que se descarga en su ordenador al acceder a una [&hellip;]\" \/>\n<meta property=\"og:url\" content=\"https:\/\/www.redegal.com\/es\/cookies\/\" \/>\n<meta property=\"og:site_name\" content=\"Redegal\" \/>\n<meta property=\"article:publisher\" content=\"https:\/\/facebook.com\/Redegal\/\" \/>\n<meta property=\"article:modified_time\" content=\"2021-12-01T08:39:04+00:00\" \/>\n<meta property=\"og:image\" content=\"https:\/\/www.redegal.com\/wp-content\/uploads\/2021\/11\/Redegal-Social-Thumb.jpg\" \/>\n\t<meta property=\"og:image:width\" content=\"1200\" \/>\n\t<meta property=\"og:image:height\" content=\"600\" \/>\n\t<meta property=\"og:image:type\" content=\"image\/jpeg\" \/>\n<meta name=\"twitter:card\" content=\"summary_large_image\" \/>\n<meta name=\"twitter:label1\" content=\"Tiempo de lectura\" \/>\n\t<meta name=\"twitter:data1\" content=\"4 minutos\" \/>\n<script type=\"application\/ld+json\" class=\"yoast-schema-graph\">{\"@context\":\"https:\/\/schema.org\",\"@graph\":[{\"@type\":\"WebPage\",\"@id\":\"https:\/\/www.redegal.com\/es\/cookies\/\",\"url\":\"https:\/\/www.redegal.com\/es\/cookies\/\",\"name\":\"Pol\u00edtica de cookies - Redegal\",\"isPartOf\":{\"@id\":\"https:\/\/www.redegal.com\/es\/#website\"},\"datePublished\":\"2021-10-25T17:46:50+00:00\",\"dateModified\":\"2021-12-01T08:39:04+00:00\",\"breadcrumb\":{\"@id\":\"https:\/\/www.redegal.com\/es\/cookies\/#breadcrumb\"},\"inLanguage\":\"es\",\"potentialAction\":[{\"@type\":\"ReadAction\",\"target\":[\"https:\/\/www.redegal.com\/es\/cookies\/\"]}]},{\"@type\":\"BreadcrumbList\",\"@id\":\"https:\/\/www.redegal.com\/es\/cookies\/#breadcrumb\",\"itemListElement\":[{\"@type\":\"ListItem\",\"position\":1,\"name\":\"Home\",\"item\":\"https:\/\/www.redegal.com\/es\/\"},{\"@type\":\"ListItem\",\"position\":2,\"name\":\"Pol\u00edtica de cookies\"}]},{\"@type\":\"WebSite\",\"@id\":\"https:\/\/www.redegal.com\/es\/#website\",\"url\":\"https:\/\/www.redegal.com\/es\/\",\"name\":\"Redegal\",\"description\":\"\",\"publisher\":{\"@id\":\"https:\/\/www.redegal.com\/es\/#organization\"},\"potentialAction\":[{\"@type\":\"SearchAction\",\"target\":{\"@type\":\"EntryPoint\",\"urlTemplate\":\"https:\/\/www.redegal.com\/es\/?s={search_term_string}\"},\"query-input\":{\"@type\":\"PropertyValueSpecification\",\"valueRequired\":true,\"valueName\":\"search_term_string\"}}],\"inLanguage\":\"es\"},{\"@type\":\"Organization\",\"@id\":\"https:\/\/www.redegal.com\/es\/#organization\",\"name\":\"Redegal\",\"url\":\"https:\/\/www.redegal.com\/es\/\",\"logo\":{\"@type\":\"ImageObject\",\"inLanguage\":\"es\",\"@id\":\"https:\/\/www.redegal.com\/es\/#\/schema\/logo\/image\/\",\"url\":\"https:\/\/www.redegal.com\/wp-content\/uploads\/2025\/05\/Logo-Redegal.svg\",\"contentUrl\":\"https:\/\/www.redegal.com\/wp-content\/uploads\/2025\/05\/Logo-Redegal.svg\",\"width\":\"1024\",\"height\":\"1024\",\"caption\":\"Redegal\"},\"image\":{\"@id\":\"https:\/\/www.redegal.com\/es\/#\/schema\/logo\/image\/\"},\"sameAs\":[\"https:\/\/facebook.com\/Redegal\/\",\"https:\/\/www.instagram.com\/_redegal\/\",\"https:\/\/www.linkedin.com\/company\/redegal\/\",\"https:\/\/www.youtube.com\/channel\/UCDXwbtEULPIYV2I1ugDzeUw\",\"https:\/\/x.com\/redegal\"]}]}<\/script>\n<!-- \/ Yoast SEO plugin. -->","yoast_head_json":{"title":"Pol\u00edtica de cookies - Redegal","robots":{"index":"index","follow":"follow","max-snippet":"max-snippet:-1","max-image-preview":"max-image-preview:large","max-video-preview":"max-video-preview:-1"},"canonical":"https:\/\/www.redegal.com\/es\/cookies\/","og_locale":"es_ES","og_type":"article","og_title":"Pol\u00edtica de cookies - Redegal","og_description":"REDEGAL, S.L. (en adelante, Redegal) le informa de que el sitio web https:\/\/www.redegal.com\/ utiliza cookies. A continuaci\u00f3n, encontrar\u00e1 informaci\u00f3n detallada sobre las cookies empleadas en dicha p\u00e1gina web, sus caracter\u00edsticas, finalidades y la forma de deshabilitarlas. \u00bfQu\u00e9 es una Cookie? Una cookie es un fichero que se descarga en su ordenador al acceder a una [&hellip;]","og_url":"https:\/\/www.redegal.com\/es\/cookies\/","og_site_name":"Redegal","article_publisher":"https:\/\/facebook.com\/Redegal\/","article_modified_time":"2021-12-01T08:39:04+00:00","og_image":[{"width":1200,"height":600,"url":"https:\/\/www.redegal.com\/wp-content\/uploads\/2021\/11\/Redegal-Social-Thumb.jpg","type":"image\/jpeg"}],"twitter_card":"summary_large_image","twitter_misc":{"Tiempo de lectura":"4 minutos"},"schema":{"@context":"https:\/\/schema.org","@graph":[{"@type":"WebPage","@id":"https:\/\/www.redegal.com\/es\/cookies\/","url":"https:\/\/www.redegal.com\/es\/cookies\/","name":"Pol\u00edtica de cookies - Redegal","isPartOf":{"@id":"https:\/\/www.redegal.com\/es\/#website"},"datePublished":"2021-10-25T17:46:50+00:00","dateModified":"2021-12-01T08:39:04+00:00","breadcrumb":{"@id":"https:\/\/www.redegal.com\/es\/cookies\/#breadcrumb"},"inLanguage":"es","potentialAction":[{"@type":"ReadAction","target":["https:\/\/www.redegal.com\/es\/cookies\/"]}]},{"@type":"BreadcrumbList","@id":"https:\/\/www.redegal.com\/es\/cookies\/#breadcrumb","itemListElement":[{"@type":"ListItem","position":1,"name":"Home","item":"https:\/\/www.redegal.com\/es\/"},{"@type":"ListItem","position":2,"name":"Pol\u00edtica de cookies"}]},{"@type":"WebSite","@id":"https:\/\/www.redegal.com\/es\/#website","url":"https:\/\/www.redegal.com\/es\/","name":"Redegal","description":"","publisher":{"@id":"https:\/\/www.redegal.com\/es\/#organization"},"potentialAction":[{"@type":"SearchAction","target":{"@type":"EntryPoint","urlTemplate":"https:\/\/www.redegal.com\/es\/?s={search_term_string}"},"query-input":{"@type":"PropertyValueSpecification","valueRequired":true,"valueName":"search_term_string"}}],"inLanguage":"es"},{"@type":"Organization","@id":"https:\/\/www.redegal.com\/es\/#organization","name":"Redegal","url":"https:\/\/www.redegal.com\/es\/","logo":{"@type":"ImageObject","inLanguage":"es","@id":"https:\/\/www.redegal.com\/es\/#\/schema\/logo\/image\/","url":"https:\/\/www.redegal.com\/wp-content\/uploads\/2025\/05\/Logo-Redegal.svg","contentUrl":"https:\/\/www.redegal.com\/wp-content\/uploads\/2025\/05\/Logo-Redegal.svg","width":"1024","height":"1024","caption":"Redegal"},"image":{"@id":"https:\/\/www.redegal.com\/es\/#\/schema\/logo\/image\/"},"sameAs":["https:\/\/facebook.com\/Redegal\/","https:\/\/www.instagram.com\/_redegal\/","https:\/\/www.linkedin.com\/company\/redegal\/","https:\/\/www.youtube.com\/channel\/UCDXwbtEULPIYV2I1ugDzeUw","https:\/\/x.com\/redegal"]}]}},"_links":{"self":[{"href":"https:\/\/www.redegal.com\/es\/wp-json\/wp\/v2\/pages\/3","targetHints":{"allow":["GET"]}}],"collection":[{"href":"https:\/\/www.redegal.com\/es\/wp-json\/wp\/v2\/pages"}],"about":[{"href":"https:\/\/www.redegal.com\/es\/wp-json\/wp\/v2\/types\/page"}],"author":[{"embeddable":true,"href":"https:\/\/www.redegal.com\/es\/wp-json\/wp\/v2\/users\/1"}],"replies":[{"embeddable":true,"href":"https:\/\/www.redegal.com\/es\/wp-json\/wp\/v2\/comments?post=3"}],"version-history":[{"count":0,"href":"https:\/\/www.redegal.com\/es\/wp-json\/wp\/v2\/pages\/3\/revisions"}],"wp:attachment":[{"href":"https:\/\/www.redegal.com\/es\/wp-json\/wp\/v2\/media?parent=3"}],"curies":[{"name":"wp","href":"https:\/\/api.w.org\/{rel}","templated":true}]}}