{"id":16038,"date":"2025-06-27T11:28:04","date_gmt":"2025-06-27T09:28:04","guid":{"rendered":"https:\/\/www.redegal.com\/?page_id=16038"},"modified":"2025-06-27T12:06:24","modified_gmt":"2025-06-27T10:06:24","slug":"declaracion-de-accesibilidad","status":"publish","type":"page","link":"https:\/\/www.redegal.com\/es\/declaracion-de-accesibilidad\/","title":{"rendered":"Declaraci\u00f3n de accesibilidad"},"content":{"rendered":"\n<h2 class=\"wp-block-heading\"><strong>Declaraci\u00f3n de accesibilidad<\/strong><\/h2>\n\n\n\n<p>En Redegal nos comprometemos a hacer accesible nuestro sitio web, de conformidad con el Real Decreto 1112\/2018, de 7 de septiembre, sobre accesibilidad de los sitios web y aplicaciones para dispositivos m\u00f3viles del sector p\u00fablico (o la normativa aplicable si eres del sector privado).<\/p>\n\n\n\n<h3 class=\"wp-block-heading\"><strong>Situaci\u00f3n de cumplimiento<\/strong><\/h3>\n\n\n\n<p>Este sitio web est\u00e1 parcialmente<strong> conforme<\/strong> con las directrices de accesibilidad contenidas en la norma UNE-EN 301549:2022, debido a las excepciones y\/o a la falta de conformidad de los aspectos que se indican a continuaci\u00f3n.<\/p>\n\n\n\n<h3 class=\"wp-block-heading\"><strong>Contenido no accesible<\/strong><\/h3>\n\n\n\n<p>El contenido que se recoge a continuaci\u00f3n no es accesible por lo siguiente:<\/p>\n\n\n\n<ul class=\"wp-block-list\">\n<li><strong>Falta de conformidad con el RD 1112\/2018<\/strong>: Puede haber contenidos en los que no se garantice el contraste suficiente entre el texto y el fondo, o elementos interactivos no correctamente etiquetados para su uso con tecnolog\u00edas de asistencia.<br><\/li>\n\n\n\n<li><strong>Carga desproporcionada<\/strong>: No aplica.<br><\/li>\n\n\n\n<li><strong>El contenido no entra dentro del \u00e1mbito de la legislaci\u00f3n aplicable<\/strong>: Podr\u00edan existir archivos ofim\u00e1ticos en PDF u otros formatos publicados antes del 20 de septiembre de 2018 que no cumplan totalmente los requisitos de accesibilidad.<br><\/li>\n<\/ul>\n\n\n\n<h3 class=\"wp-block-heading\"><strong>Preparaci\u00f3n de la presente declaraci\u00f3n de accesibilidad<\/strong><\/h3>\n\n\n\n<p>Esta declaraci\u00f3n fue preparada el 27 de junio de 2025.<\/p>\n\n\n\n<p>El m\u00e9todo empleado para preparar la declaraci\u00f3n ha sido una autoevaluaci\u00f3n llevada a cabo por el propio equipo de Redegal<\/p>\n\n\n\n<p>La declaraci\u00f3n fue revisada por \u00faltima vez el 27 de junio de 2025.<\/p>\n\n\n\n<h3 class=\"wp-block-heading\"><strong>Observaciones y datos de contacto<\/strong><\/h3>\n\n\n\n<p>Si encuentra barreras de accesibilidad o desea trasladar cualquier sugerencia, queja o dificultad relacionada con el acceso al contenido del sitio web, puede ponerse en contacto con nosotros a trav\u00e9s de:<\/p>\n\n\n\n<ul class=\"wp-block-list\">\n<li><strong>Correo electr\u00f3nico<\/strong>: comunicacion@redegal.com<\/li>\n<\/ul>\n\n\n\n<p>Las comunicaciones ser\u00e1n tratadas conforme a lo previsto en el art\u00edculo 10.2 del RD 1112\/2018.<\/p>\n\n\n\n<h3 class=\"wp-block-heading\"><strong>Procedimiento de aplicaci\u00f3n<\/strong><\/h3>\n\n\n\n<p>Si una vez realizada una solicitud de informaci\u00f3n accesible o una queja, esta ha sido desestimada o no se est\u00e1 de acuerdo con la decisi\u00f3n adoptada, puede iniciarse una reclamaci\u00f3n dirigida a la Unidad Responsable de Accesibilidad a trav\u00e9s de la sede electr\u00f3nica correspondiente.<\/p>\n","protected":false},"excerpt":{"rendered":"<p>Declaraci\u00f3n de accesibilidad En Redegal nos comprometemos a hacer accesible nuestro sitio web, de conformidad con el Real Decreto 1112\/2018, de 7 de septiembre, sobre accesibilidad de los sitios web y aplicaciones para dispositivos m\u00f3viles del sector p\u00fablico (o la normativa aplicable si eres del sector privado). Situaci\u00f3n de cumplimiento Este sitio web est\u00e1 parcialmente [&hellip;]<\/p>\n","protected":false},"author":1,"featured_media":0,"parent":0,"menu_order":0,"comment_status":"closed","ping_status":"closed","template":"","meta":{"_acf_changed":false,"inline_featured_image":false,"footnotes":""},"class_list":["post-16038","page","type-page","status-publish","hentry"],"acf":[],"yoast_head":"<!-- This site is optimized with the Yoast SEO plugin v26.6 - https:\/\/yoast.com\/wordpress\/plugins\/seo\/ -->\n<title>Declaraci\u00f3n de accesibilidad - Redegal<\/title>\n<meta name=\"robots\" content=\"index, follow, max-snippet:-1, max-image-preview:large, max-video-preview:-1\" \/>\n<link rel=\"canonical\" href=\"https:\/\/www.redegal.com\/es\/declaracion-de-accesibilidad\/\" \/>\n<meta property=\"og:locale\" content=\"es_ES\" \/>\n<meta property=\"og:type\" content=\"article\" \/>\n<meta property=\"og:title\" content=\"Declaraci\u00f3n de accesibilidad - Redegal\" \/>\n<meta property=\"og:description\" content=\"Declaraci\u00f3n de accesibilidad En Redegal nos comprometemos a hacer accesible nuestro sitio web, de conformidad con el Real Decreto 1112\/2018, de 7 de septiembre, sobre accesibilidad de los sitios web y aplicaciones para dispositivos m\u00f3viles del sector p\u00fablico (o la normativa aplicable si eres del sector privado). Situaci\u00f3n de cumplimiento Este sitio web est\u00e1 parcialmente [&hellip;]\" \/>\n<meta property=\"og:url\" content=\"https:\/\/www.redegal.com\/es\/declaracion-de-accesibilidad\/\" \/>\n<meta property=\"og:site_name\" content=\"Redegal\" \/>\n<meta property=\"article:publisher\" content=\"https:\/\/facebook.com\/Redegal\/\" \/>\n<meta property=\"article:modified_time\" content=\"2025-06-27T10:06:24+00:00\" \/>\n<meta property=\"og:image\" content=\"https:\/\/www.redegal.com\/wp-content\/uploads\/2021\/11\/Redegal-Social-Thumb.jpg\" \/>\n\t<meta property=\"og:image:width\" content=\"1200\" \/>\n\t<meta property=\"og:image:height\" content=\"600\" \/>\n\t<meta property=\"og:image:type\" content=\"image\/jpeg\" \/>\n<meta name=\"twitter:card\" content=\"summary_large_image\" \/>\n<meta name=\"twitter:label1\" content=\"Tiempo de lectura\" \/>\n\t<meta name=\"twitter:data1\" content=\"2 minutos\" \/>\n<script type=\"application\/ld+json\" class=\"yoast-schema-graph\">{\"@context\":\"https:\/\/schema.org\",\"@graph\":[{\"@type\":\"WebPage\",\"@id\":\"https:\/\/www.redegal.com\/es\/declaracion-de-accesibilidad\/\",\"url\":\"https:\/\/www.redegal.com\/es\/declaracion-de-accesibilidad\/\",\"name\":\"Declaraci\u00f3n de accesibilidad - Redegal\",\"isPartOf\":{\"@id\":\"https:\/\/www.redegal.com\/es\/#website\"},\"datePublished\":\"2025-06-27T09:28:04+00:00\",\"dateModified\":\"2025-06-27T10:06:24+00:00\",\"breadcrumb\":{\"@id\":\"https:\/\/www.redegal.com\/es\/declaracion-de-accesibilidad\/#breadcrumb\"},\"inLanguage\":\"es\",\"potentialAction\":[{\"@type\":\"ReadAction\",\"target\":[\"https:\/\/www.redegal.com\/es\/declaracion-de-accesibilidad\/\"]}]},{\"@type\":\"BreadcrumbList\",\"@id\":\"https:\/\/www.redegal.com\/es\/declaracion-de-accesibilidad\/#breadcrumb\",\"itemListElement\":[{\"@type\":\"ListItem\",\"position\":1,\"name\":\"Home\",\"item\":\"https:\/\/www.redegal.com\/es\/\"},{\"@type\":\"ListItem\",\"position\":2,\"name\":\"Declaraci\u00f3n de accesibilidad\"}]},{\"@type\":\"WebSite\",\"@id\":\"https:\/\/www.redegal.com\/es\/#website\",\"url\":\"https:\/\/www.redegal.com\/es\/\",\"name\":\"Redegal\",\"description\":\"\",\"publisher\":{\"@id\":\"https:\/\/www.redegal.com\/es\/#organization\"},\"potentialAction\":[{\"@type\":\"SearchAction\",\"target\":{\"@type\":\"EntryPoint\",\"urlTemplate\":\"https:\/\/www.redegal.com\/es\/?s={search_term_string}\"},\"query-input\":{\"@type\":\"PropertyValueSpecification\",\"valueRequired\":true,\"valueName\":\"search_term_string\"}}],\"inLanguage\":\"es\"},{\"@type\":\"Organization\",\"@id\":\"https:\/\/www.redegal.com\/es\/#organization\",\"name\":\"Redegal\",\"url\":\"https:\/\/www.redegal.com\/es\/\",\"logo\":{\"@type\":\"ImageObject\",\"inLanguage\":\"es\",\"@id\":\"https:\/\/www.redegal.com\/es\/#\/schema\/logo\/image\/\",\"url\":\"https:\/\/www.redegal.com\/wp-content\/uploads\/2025\/05\/Logo-Redegal.svg\",\"contentUrl\":\"https:\/\/www.redegal.com\/wp-content\/uploads\/2025\/05\/Logo-Redegal.svg\",\"width\":\"1024\",\"height\":\"1024\",\"caption\":\"Redegal\"},\"image\":{\"@id\":\"https:\/\/www.redegal.com\/es\/#\/schema\/logo\/image\/\"},\"sameAs\":[\"https:\/\/facebook.com\/Redegal\/\",\"https:\/\/www.instagram.com\/_redegal\/\",\"https:\/\/www.linkedin.com\/company\/redegal\/\",\"https:\/\/www.youtube.com\/channel\/UCDXwbtEULPIYV2I1ugDzeUw\",\"https:\/\/x.com\/redegal\"]}]}<\/script>\n<!-- \/ Yoast SEO plugin. -->","yoast_head_json":{"title":"Declaraci\u00f3n de accesibilidad - Redegal","robots":{"index":"index","follow":"follow","max-snippet":"max-snippet:-1","max-image-preview":"max-image-preview:large","max-video-preview":"max-video-preview:-1"},"canonical":"https:\/\/www.redegal.com\/es\/declaracion-de-accesibilidad\/","og_locale":"es_ES","og_type":"article","og_title":"Declaraci\u00f3n de accesibilidad - Redegal","og_description":"Declaraci\u00f3n de accesibilidad En Redegal nos comprometemos a hacer accesible nuestro sitio web, de conformidad con el Real Decreto 1112\/2018, de 7 de septiembre, sobre accesibilidad de los sitios web y aplicaciones para dispositivos m\u00f3viles del sector p\u00fablico (o la normativa aplicable si eres del sector privado). Situaci\u00f3n de cumplimiento Este sitio web est\u00e1 parcialmente [&hellip;]","og_url":"https:\/\/www.redegal.com\/es\/declaracion-de-accesibilidad\/","og_site_name":"Redegal","article_publisher":"https:\/\/facebook.com\/Redegal\/","article_modified_time":"2025-06-27T10:06:24+00:00","og_image":[{"width":1200,"height":600,"url":"https:\/\/www.redegal.com\/wp-content\/uploads\/2021\/11\/Redegal-Social-Thumb.jpg","type":"image\/jpeg"}],"twitter_card":"summary_large_image","twitter_misc":{"Tiempo de lectura":"2 minutos"},"schema":{"@context":"https:\/\/schema.org","@graph":[{"@type":"WebPage","@id":"https:\/\/www.redegal.com\/es\/declaracion-de-accesibilidad\/","url":"https:\/\/www.redegal.com\/es\/declaracion-de-accesibilidad\/","name":"Declaraci\u00f3n de accesibilidad - Redegal","isPartOf":{"@id":"https:\/\/www.redegal.com\/es\/#website"},"datePublished":"2025-06-27T09:28:04+00:00","dateModified":"2025-06-27T10:06:24+00:00","breadcrumb":{"@id":"https:\/\/www.redegal.com\/es\/declaracion-de-accesibilidad\/#breadcrumb"},"inLanguage":"es","potentialAction":[{"@type":"ReadAction","target":["https:\/\/www.redegal.com\/es\/declaracion-de-accesibilidad\/"]}]},{"@type":"BreadcrumbList","@id":"https:\/\/www.redegal.com\/es\/declaracion-de-accesibilidad\/#breadcrumb","itemListElement":[{"@type":"ListItem","position":1,"name":"Home","item":"https:\/\/www.redegal.com\/es\/"},{"@type":"ListItem","position":2,"name":"Declaraci\u00f3n de accesibilidad"}]},{"@type":"WebSite","@id":"https:\/\/www.redegal.com\/es\/#website","url":"https:\/\/www.redegal.com\/es\/","name":"Redegal","description":"","publisher":{"@id":"https:\/\/www.redegal.com\/es\/#organization"},"potentialAction":[{"@type":"SearchAction","target":{"@type":"EntryPoint","urlTemplate":"https:\/\/www.redegal.com\/es\/?s={search_term_string}"},"query-input":{"@type":"PropertyValueSpecification","valueRequired":true,"valueName":"search_term_string"}}],"inLanguage":"es"},{"@type":"Organization","@id":"https:\/\/www.redegal.com\/es\/#organization","name":"Redegal","url":"https:\/\/www.redegal.com\/es\/","logo":{"@type":"ImageObject","inLanguage":"es","@id":"https:\/\/www.redegal.com\/es\/#\/schema\/logo\/image\/","url":"https:\/\/www.redegal.com\/wp-content\/uploads\/2025\/05\/Logo-Redegal.svg","contentUrl":"https:\/\/www.redegal.com\/wp-content\/uploads\/2025\/05\/Logo-Redegal.svg","width":"1024","height":"1024","caption":"Redegal"},"image":{"@id":"https:\/\/www.redegal.com\/es\/#\/schema\/logo\/image\/"},"sameAs":["https:\/\/facebook.com\/Redegal\/","https:\/\/www.instagram.com\/_redegal\/","https:\/\/www.linkedin.com\/company\/redegal\/","https:\/\/www.youtube.com\/channel\/UCDXwbtEULPIYV2I1ugDzeUw","https:\/\/x.com\/redegal"]}]}},"_links":{"self":[{"href":"https:\/\/www.redegal.com\/es\/wp-json\/wp\/v2\/pages\/16038","targetHints":{"allow":["GET"]}}],"collection":[{"href":"https:\/\/www.redegal.com\/es\/wp-json\/wp\/v2\/pages"}],"about":[{"href":"https:\/\/www.redegal.com\/es\/wp-json\/wp\/v2\/types\/page"}],"author":[{"embeddable":true,"href":"https:\/\/www.redegal.com\/es\/wp-json\/wp\/v2\/users\/1"}],"replies":[{"embeddable":true,"href":"https:\/\/www.redegal.com\/es\/wp-json\/wp\/v2\/comments?post=16038"}],"version-history":[{"count":2,"href":"https:\/\/www.redegal.com\/es\/wp-json\/wp\/v2\/pages\/16038\/revisions"}],"predecessor-version":[{"id":16040,"href":"https:\/\/www.redegal.com\/es\/wp-json\/wp\/v2\/pages\/16038\/revisions\/16040"}],"wp:attachment":[{"href":"https:\/\/www.redegal.com\/es\/wp-json\/wp\/v2\/media?parent=16038"}],"curies":[{"name":"wp","href":"https:\/\/api.w.org\/{rel}","templated":true}]}}