{"id":13571,"date":"2024-08-01T08:35:40","date_gmt":"2024-08-01T06:35:40","guid":{"rendered":"https:\/\/www.redegal.com\/?page_id=13571"},"modified":"2025-02-10T15:45:55","modified_gmt":"2025-02-10T14:45:55","slug":"politica-de-pd","status":"publish","type":"page","link":"https:\/\/www.redegal.com\/es\/politica-de-pd\/","title":{"rendered":"Pol\u00edtica de Privacidad"},"content":{"rendered":"\n<h2 class=\"wp-block-heading\">1. <strong>Responsables<\/strong><\/h2>\n\n\n\n<p>REDEGAL S.A. y BIGCOMMERCE SOFTWARE IRELAND LIMITED., con direcci\u00f3n postal en 32 Merrion Street Upper\u00a0 Dubl\u00edn 2, D02KW80 Irlanda y correo electr\u00f3nico trustandsafety@bigcommerce.com\u00a0 <\/p>\n\n\n\n<h2 class=\"wp-block-heading\">2. <strong>Finalidades del tratamiento<\/strong><\/h2>\n\n\n\n<p>Sus datos ser\u00e1n tratados con la finalidad de llevar a cabo el correcto desarrollo, control y mantenimiento de la relaci\u00f3n contractual, as\u00ed como cumplir con las obligaciones establecidas en la normativa de prevenci\u00f3n del blanqueo de capitales y de la financiaci\u00f3n del terrorismo.<\/p>\n\n\n\n<p>Asimismo, si nos autoriza marcando la casilla que se facilita, trataremos sus datos para remitirle informaci\u00f3n sobre la compa\u00f1\u00eda y sus productos y servicios, novedades, recomendaciones, campa\u00f1as de fidelizaci\u00f3n y cualquier otro tipo de comunicaci\u00f3n comercial que pudiera ser de su inter\u00e9s.<\/p>\n\n\n\n<h2 class=\"wp-block-heading\">3. <strong><strong>Legitimaci\u00f3n del tratamiento<\/strong><\/strong><\/h2>\n\n\n\n<p>El tratamiento de sus datos es necesario para el cumplimiento de la ejecuci\u00f3n del presente contrato, as\u00ed como el cumplimiento de obligaciones legales.<\/p>\n\n\n\n<p>Las comunicaciones sobre nuestros productos est\u00e1n basadas en el consentimiento que se le solicita o en nuestro inter\u00e9s leg\u00edtimo.<\/p>\n\n\n\n<h2 class=\"wp-block-heading\">4. <strong>Plazo de conservaci\u00f3n de los datos<\/strong><\/h2>\n\n\n\n<p>Sus datos personales se conservar\u00e1n durante la relaci\u00f3n contractual. Para las comunicaciones informativas, sus datos personales se conservar\u00e1n mientras exista un inter\u00e9s mutuo y Ud. no se oponga al tratamiento. En todo caso, mientras estemos obligados a su conservaci\u00f3n en cumplimiento de una obligaci\u00f3n legal, durante los plazos de prescripci\u00f3n de las posibles responsabilidades nacidas durante el tratamiento.<\/p>\n\n\n\n<h2 class=\"wp-block-heading\">5. <strong>Destinatarios de los datos<\/strong><\/h2>\n\n\n\n<p>En cumplimiento de una obligaci\u00f3n legal, sus datos personales podr\u00edan ser comunicados a la Comisi\u00f3n Nacional del Mercado de Valores (CNMV), con la finalidad del ejercicio de sus funciones de inspecci\u00f3n y supervisi\u00f3n. Asimismo, podemos ceder sus datos a nuestros proveedores de servicios relacionados con dichas finalidades, tales como auditores externos, entidades custodias, subcustodias, depositarias, brokers o intermediarios para el concurso en la contrataci\u00f3n, compensaci\u00f3n, liquidaci\u00f3n de operaciones y custodia de valores; cumpliendo para ello los requisitos establecidos por la legislaci\u00f3n vigente.<\/p>\n\n\n\n<h2 class=\"wp-block-heading\">6. <strong>Derechos<\/strong><\/h2>\n\n\n\n<p>Como titular de los datos, puede ejercitar los derechos de acceso, rectificaci\u00f3n, supresi\u00f3n, oposici\u00f3n, limitaci\u00f3n del tratamiento, a no ser objeto de decisiones automatizadas, incluida la elaboraci\u00f3n de perfiles, y, cuando legalmente proceda, portabilidad de sus datos, dirigi\u00e9ndose por escrito a REDEGAL S.A. y BIGCOMMERCE Spain S.L., acompa\u00f1ando una fotocopia del documento nacional de identidad e indicando el derecho que ejercita. La solicitud por escrito deber\u00e1 ser remitida a la direcci\u00f3n postal 32 Merrion Street Upper\u00a0 Dubl\u00edn 2, D02KW80 Irlanda y correo electr\u00f3nico trustandsafety@bigcommerce.com\u00a0 <\/p>\n\n\n\n<p>En particular, queda informado del derecho que le asiste a presentar una reclamaci\u00f3n ante la Agencia Espa\u00f1ola de Protecci\u00f3n de Datos (<a href=\"http:\/\/www.agpd.es\/\" target=\"_blank\" rel=\"noreferrer noopener\">www.agpd.es<\/a>), cuando considere que no han obtenido satisfacci\u00f3n en el ejercicio de sus derechos, as\u00ed como a oponerse a recibir comunicaciones comerciales a trav\u00e9s del correo electr\u00f3nico u otro medio de comunicaci\u00f3n electr\u00f3nica, a trav\u00e9s de la direcci\u00f3n de correo electr\u00f3nico trustandsafety@bigcommerce.com\u00a0\u00a0indicando en el Asunto \u201cBaja Comunicaciones Comerciales\u201d.<\/p>\n","protected":false},"excerpt":{"rendered":"<p>1. Responsables REDEGAL S.A. y BIGCOMMERCE SOFTWARE IRELAND LIMITED., con direcci\u00f3n postal en 32 Merrion Street Upper\u00a0 Dubl\u00edn 2, D02KW80 Irlanda y correo electr\u00f3nico trustandsafety@bigcommerce.com\u00a0 2. Finalidades del tratamiento Sus datos ser\u00e1n tratados con la finalidad de llevar a cabo el correcto desarrollo, control y mantenimiento de la relaci\u00f3n contractual, as\u00ed como cumplir con las [&hellip;]<\/p>\n","protected":false},"author":1,"featured_media":0,"parent":0,"menu_order":0,"comment_status":"closed","ping_status":"closed","template":"","meta":{"_acf_changed":false,"content-type":"","inline_featured_image":false,"footnotes":""},"class_list":["post-13571","page","type-page","status-publish","hentry"],"acf":[],"yoast_head":"<!-- This site is optimized with the Yoast SEO plugin v26.6 - https:\/\/yoast.com\/wordpress\/plugins\/seo\/ -->\n<title>Pol\u00edtica de Privacidad - Redegal<\/title>\n<meta name=\"robots\" content=\"index, follow, max-snippet:-1, max-image-preview:large, max-video-preview:-1\" \/>\n<link rel=\"canonical\" href=\"https:\/\/www.redegal.com\/es\/politica-de-pd\/\" \/>\n<meta property=\"og:locale\" content=\"es_ES\" \/>\n<meta property=\"og:type\" content=\"article\" \/>\n<meta property=\"og:title\" content=\"Pol\u00edtica de Privacidad - Redegal\" \/>\n<meta property=\"og:description\" content=\"1. Responsables REDEGAL S.A. y BIGCOMMERCE SOFTWARE IRELAND LIMITED., con direcci\u00f3n postal en 32 Merrion Street Upper\u00a0 Dubl\u00edn 2, D02KW80 Irlanda y correo electr\u00f3nico trustandsafety@bigcommerce.com\u00a0 2. Finalidades del tratamiento Sus datos ser\u00e1n tratados con la finalidad de llevar a cabo el correcto desarrollo, control y mantenimiento de la relaci\u00f3n contractual, as\u00ed como cumplir con las [&hellip;]\" \/>\n<meta property=\"og:url\" content=\"https:\/\/www.redegal.com\/es\/politica-de-pd\/\" \/>\n<meta property=\"og:site_name\" content=\"Redegal\" \/>\n<meta property=\"article:publisher\" content=\"https:\/\/facebook.com\/Redegal\/\" \/>\n<meta property=\"article:modified_time\" content=\"2025-02-10T14:45:55+00:00\" \/>\n<meta property=\"og:image\" content=\"https:\/\/www.redegal.com\/wp-content\/uploads\/2021\/11\/Redegal-Social-Thumb.jpg\" \/>\n\t<meta property=\"og:image:width\" content=\"1200\" \/>\n\t<meta property=\"og:image:height\" content=\"600\" \/>\n\t<meta property=\"og:image:type\" content=\"image\/jpeg\" \/>\n<meta name=\"twitter:card\" content=\"summary_large_image\" \/>\n<meta name=\"twitter:label1\" content=\"Tiempo de lectura\" \/>\n\t<meta name=\"twitter:data1\" content=\"3 minutos\" \/>\n<script type=\"application\/ld+json\" class=\"yoast-schema-graph\">{\"@context\":\"https:\/\/schema.org\",\"@graph\":[{\"@type\":\"WebPage\",\"@id\":\"https:\/\/www.redegal.com\/es\/politica-de-pd\/\",\"url\":\"https:\/\/www.redegal.com\/es\/politica-de-pd\/\",\"name\":\"Pol\u00edtica de Privacidad - Redegal\",\"isPartOf\":{\"@id\":\"https:\/\/www.redegal.com\/es\/#website\"},\"datePublished\":\"2024-08-01T06:35:40+00:00\",\"dateModified\":\"2025-02-10T14:45:55+00:00\",\"breadcrumb\":{\"@id\":\"https:\/\/www.redegal.com\/es\/politica-de-pd\/#breadcrumb\"},\"inLanguage\":\"es\",\"potentialAction\":[{\"@type\":\"ReadAction\",\"target\":[\"https:\/\/www.redegal.com\/es\/politica-de-pd\/\"]}]},{\"@type\":\"BreadcrumbList\",\"@id\":\"https:\/\/www.redegal.com\/es\/politica-de-pd\/#breadcrumb\",\"itemListElement\":[{\"@type\":\"ListItem\",\"position\":1,\"name\":\"Home\",\"item\":\"https:\/\/www.redegal.com\/es\/\"},{\"@type\":\"ListItem\",\"position\":2,\"name\":\"Pol\u00edtica de Privacidad\"}]},{\"@type\":\"WebSite\",\"@id\":\"https:\/\/www.redegal.com\/es\/#website\",\"url\":\"https:\/\/www.redegal.com\/es\/\",\"name\":\"Redegal\",\"description\":\"\",\"publisher\":{\"@id\":\"https:\/\/www.redegal.com\/es\/#organization\"},\"potentialAction\":[{\"@type\":\"SearchAction\",\"target\":{\"@type\":\"EntryPoint\",\"urlTemplate\":\"https:\/\/www.redegal.com\/es\/?s={search_term_string}\"},\"query-input\":{\"@type\":\"PropertyValueSpecification\",\"valueRequired\":true,\"valueName\":\"search_term_string\"}}],\"inLanguage\":\"es\"},{\"@type\":\"Organization\",\"@id\":\"https:\/\/www.redegal.com\/es\/#organization\",\"name\":\"Redegal\",\"url\":\"https:\/\/www.redegal.com\/es\/\",\"logo\":{\"@type\":\"ImageObject\",\"inLanguage\":\"es\",\"@id\":\"https:\/\/www.redegal.com\/es\/#\/schema\/logo\/image\/\",\"url\":\"https:\/\/www.redegal.com\/wp-content\/uploads\/2025\/05\/Logo-Redegal.svg\",\"contentUrl\":\"https:\/\/www.redegal.com\/wp-content\/uploads\/2025\/05\/Logo-Redegal.svg\",\"width\":\"1024\",\"height\":\"1024\",\"caption\":\"Redegal\"},\"image\":{\"@id\":\"https:\/\/www.redegal.com\/es\/#\/schema\/logo\/image\/\"},\"sameAs\":[\"https:\/\/facebook.com\/Redegal\/\",\"https:\/\/www.instagram.com\/_redegal\/\",\"https:\/\/www.linkedin.com\/company\/redegal\/\",\"https:\/\/www.youtube.com\/channel\/UCDXwbtEULPIYV2I1ugDzeUw\",\"https:\/\/x.com\/redegal\"]}]}<\/script>\n<!-- \/ Yoast SEO plugin. -->","yoast_head_json":{"title":"Pol\u00edtica de Privacidad - Redegal","robots":{"index":"index","follow":"follow","max-snippet":"max-snippet:-1","max-image-preview":"max-image-preview:large","max-video-preview":"max-video-preview:-1"},"canonical":"https:\/\/www.redegal.com\/es\/politica-de-pd\/","og_locale":"es_ES","og_type":"article","og_title":"Pol\u00edtica de Privacidad - Redegal","og_description":"1. Responsables REDEGAL S.A. y BIGCOMMERCE SOFTWARE IRELAND LIMITED., con direcci\u00f3n postal en 32 Merrion Street Upper\u00a0 Dubl\u00edn 2, D02KW80 Irlanda y correo electr\u00f3nico trustandsafety@bigcommerce.com\u00a0 2. Finalidades del tratamiento Sus datos ser\u00e1n tratados con la finalidad de llevar a cabo el correcto desarrollo, control y mantenimiento de la relaci\u00f3n contractual, as\u00ed como cumplir con las [&hellip;]","og_url":"https:\/\/www.redegal.com\/es\/politica-de-pd\/","og_site_name":"Redegal","article_publisher":"https:\/\/facebook.com\/Redegal\/","article_modified_time":"2025-02-10T14:45:55+00:00","og_image":[{"width":1200,"height":600,"url":"https:\/\/www.redegal.com\/wp-content\/uploads\/2021\/11\/Redegal-Social-Thumb.jpg","type":"image\/jpeg"}],"twitter_card":"summary_large_image","twitter_misc":{"Tiempo de lectura":"3 minutos"},"schema":{"@context":"https:\/\/schema.org","@graph":[{"@type":"WebPage","@id":"https:\/\/www.redegal.com\/es\/politica-de-pd\/","url":"https:\/\/www.redegal.com\/es\/politica-de-pd\/","name":"Pol\u00edtica de Privacidad - Redegal","isPartOf":{"@id":"https:\/\/www.redegal.com\/es\/#website"},"datePublished":"2024-08-01T06:35:40+00:00","dateModified":"2025-02-10T14:45:55+00:00","breadcrumb":{"@id":"https:\/\/www.redegal.com\/es\/politica-de-pd\/#breadcrumb"},"inLanguage":"es","potentialAction":[{"@type":"ReadAction","target":["https:\/\/www.redegal.com\/es\/politica-de-pd\/"]}]},{"@type":"BreadcrumbList","@id":"https:\/\/www.redegal.com\/es\/politica-de-pd\/#breadcrumb","itemListElement":[{"@type":"ListItem","position":1,"name":"Home","item":"https:\/\/www.redegal.com\/es\/"},{"@type":"ListItem","position":2,"name":"Pol\u00edtica de Privacidad"}]},{"@type":"WebSite","@id":"https:\/\/www.redegal.com\/es\/#website","url":"https:\/\/www.redegal.com\/es\/","name":"Redegal","description":"","publisher":{"@id":"https:\/\/www.redegal.com\/es\/#organization"},"potentialAction":[{"@type":"SearchAction","target":{"@type":"EntryPoint","urlTemplate":"https:\/\/www.redegal.com\/es\/?s={search_term_string}"},"query-input":{"@type":"PropertyValueSpecification","valueRequired":true,"valueName":"search_term_string"}}],"inLanguage":"es"},{"@type":"Organization","@id":"https:\/\/www.redegal.com\/es\/#organization","name":"Redegal","url":"https:\/\/www.redegal.com\/es\/","logo":{"@type":"ImageObject","inLanguage":"es","@id":"https:\/\/www.redegal.com\/es\/#\/schema\/logo\/image\/","url":"https:\/\/www.redegal.com\/wp-content\/uploads\/2025\/05\/Logo-Redegal.svg","contentUrl":"https:\/\/www.redegal.com\/wp-content\/uploads\/2025\/05\/Logo-Redegal.svg","width":"1024","height":"1024","caption":"Redegal"},"image":{"@id":"https:\/\/www.redegal.com\/es\/#\/schema\/logo\/image\/"},"sameAs":["https:\/\/facebook.com\/Redegal\/","https:\/\/www.instagram.com\/_redegal\/","https:\/\/www.linkedin.com\/company\/redegal\/","https:\/\/www.youtube.com\/channel\/UCDXwbtEULPIYV2I1ugDzeUw","https:\/\/x.com\/redegal"]}]}},"_links":{"self":[{"href":"https:\/\/www.redegal.com\/es\/wp-json\/wp\/v2\/pages\/13571","targetHints":{"allow":["GET"]}}],"collection":[{"href":"https:\/\/www.redegal.com\/es\/wp-json\/wp\/v2\/pages"}],"about":[{"href":"https:\/\/www.redegal.com\/es\/wp-json\/wp\/v2\/types\/page"}],"author":[{"embeddable":true,"href":"https:\/\/www.redegal.com\/es\/wp-json\/wp\/v2\/users\/1"}],"replies":[{"embeddable":true,"href":"https:\/\/www.redegal.com\/es\/wp-json\/wp\/v2\/comments?post=13571"}],"version-history":[{"count":3,"href":"https:\/\/www.redegal.com\/es\/wp-json\/wp\/v2\/pages\/13571\/revisions"}],"predecessor-version":[{"id":14696,"href":"https:\/\/www.redegal.com\/es\/wp-json\/wp\/v2\/pages\/13571\/revisions\/14696"}],"wp:attachment":[{"href":"https:\/\/www.redegal.com\/es\/wp-json\/wp\/v2\/media?parent=13571"}],"curies":[{"name":"wp","href":"https:\/\/api.w.org\/{rel}","templated":true}]}}