{"id":10742,"date":"2023-01-30T16:39:27","date_gmt":"2023-01-30T15:39:27","guid":{"rendered":"https:\/\/www.redegal.com\/politica-de-privacidad\/"},"modified":"2026-04-07T19:25:53","modified_gmt":"2026-04-07T17:25:53","slug":"politica-de-privacidad","status":"publish","type":"page","link":"https:\/\/www.redegal.com\/es-mx\/politica-de-privacidad\/","title":{"rendered":"Pol\u00edtica de Privacidad"},"content":{"rendered":"\n<p>Esta Pol\u00edtica de Privacidad tiene por objeto informar, de conformidad con lo establecido en la normativa aplicable, del tratamiento de los datos personales obtenidos a trav\u00e9s de la p\u00e1gina web www.redegal.com (en adelante, el \u201c<strong>Sitio Web<\/strong>\u201d).<\/p>\n\n\n\n<p>El acceso y utilizaci\u00f3n del Sitio Web le atribuye la condici\u00f3n de usuario (en adelante, \u201c<strong>Usuario\/s<\/strong>\u201d) e implica el conocimiento y la aceptaci\u00f3n de las condiciones incluidas en esta Pol\u00edtica de Privacidad.<\/p>\n\n\n\n<h2 class=\"wp-block-heading has-large-font-size\"><strong>\u00bfQui\u00e9n es el Responsable del Tratamiento?<\/strong><\/h2>\n\n\n\n<ul class=\"wp-block-list\">\n<li><strong>Identidad: <\/strong>REDEGAL, S.A. (en adelante, \u201c<strong>REDEGAL<\/strong>\u201d)<\/li>\n\n\n\n<li><strong>NIF: <\/strong>A32318354<\/li>\n\n\n\n<li><strong>Direcci\u00f3n: <\/strong>Avenida de Santiago, 9 32001 Ourense.<\/li>\n\n\n\n<li><strong>Tel\u00e9fono:<\/strong> 988549858&nbsp;<\/li>\n\n\n\n<li><strong>Correo electr\u00f3nico: <\/strong>info@redegal.com<\/li>\n<\/ul>\n\n\n\n<p><\/p>\n\n\n\n<h2 class=\"wp-block-heading has-large-font-size\"><strong>\u00bfC\u00f3mo recogemos los datos personales?<\/strong><\/h2>\n\n\n\n<p>REDEGAL recoge informaci\u00f3n de los Usuarios cuando \u00e9stos hacen uso de aquellas funcionalidades del Sitio Web que requieran facilitar determinados datos personales. En concreto, REDEGAL registrar\u00e1 la siguiente informaci\u00f3n:<\/p>\n\n\n\n<ul class=\"wp-block-list\">\n<li><strong>Formulario de contacto y\/o env\u00edo de correos electr\u00f3nicos:<\/strong> los datos personales (incluyendo, sin car\u00e1cter limitativo, nombre, apellidos, tel\u00e9fono, direcci\u00f3n de correo electr\u00f3nico y empresa) que el Usuario voluntariamente facilite a trav\u00e9s del mencionado formulario o mediante el env\u00edo de un correo electr\u00f3nico.<\/li>\n<\/ul>\n\n\n\n<ul class=\"wp-block-list\">\n<li><strong>Formulario de inscripci\u00f3n a ofertas de trabajo:<\/strong> los datos personales (incluyendo sin car\u00e1cter limitativo nombre y apellidos, tel\u00e9fono, imagen de perfil y los datos incluidos en el curriculum vitae y la carta de presentaci\u00f3n) que el Usuario voluntariamente facilite a trav\u00e9s del citado formulario.<\/li>\n<\/ul>\n\n\n\n<ul class=\"wp-block-list\">\n<li><strong>En su caso, para el env\u00edo de comunicaciones comerciales:<\/strong> los datos personales (incluyendo, sin car\u00e1cter limitativo, la direcci\u00f3n de correo electr\u00f3nico) que el Usuario voluntariamente nos facilite a trav\u00e9s del formulario habilitado en el sitio web.<\/li>\n<\/ul>\n\n\n\n<p><\/p>\n\n\n\n<h2 class=\"wp-block-heading has-large-font-size\"><strong>\u00bfCon qu\u00e9 finalidad tratamos sus datos?<\/strong><\/h2>\n\n\n\n<p>Los datos personales que el Usuario nos facilite mediante los formularios y funcionalidades habilitadas en el Sitio Web ser\u00e1n tratados con las finalidades y bases legales enumeradas a continuaci\u00f3n:<\/p>\n\n\n\n<ul class=\"wp-block-list\">\n<li><em>Inter\u00e9s leg\u00edtimo (art. 6.1, letra \u201cf\u201d del RGPD)<\/em>\n<ul class=\"wp-block-list\">\n<li>Para atender y dar respuesta a las solicitudes realizadas por los Usuarios a trav\u00e9s de formularios web y\/o mediante el env\u00edo de correos electr\u00f3nicos a las direcciones facilitadas en el Sitio Web.<\/li>\n<\/ul>\n<\/li>\n\n\n\n<li><em>Consentimiento del interesado (art. 6.1, letra \u201ca\u201d del RGPD)<\/em>\n<ul class=\"wp-block-list\">\n<li>Previa autorizaci\u00f3n del Usuario, para el env\u00edo de comunicaciones comerciales por medios electr\u00f3nicos sobre los productos y\/o servicios ofrecidos por REDEGAL.<\/li>\n\n\n\n<li>Para valorar y gestionar su posible participaci\u00f3n en los procesos de selecci\u00f3n de personal, presentes o futuros, llevados a cabo por REDEGAL.<\/li>\n<\/ul>\n<\/li>\n\n\n\n<li><em>Cumplimiento de las obligaciones legales aplicables a REDEGAL como consecuencia de los tratamientos anteriormente descritos (art. 6.1, letra \u201cc\u201d del RGPD)<\/em>.<\/li>\n<\/ul>\n\n\n\n<p><\/p>\n\n\n\n<h2 class=\"wp-block-heading has-large-font-size\"><strong>\u00bfA qu\u00e9 destinatarios comunicaremos sus datos?<\/strong><\/h2>\n\n\n\n<p>Los datos personales de los Usuarios no ser\u00e1n comunicados a terceros, salvo para el cumplimiento de obligaciones legales a las que estuviera sujeto REDEGAL.<\/p>\n\n\n\n<p>No obstante, REDEGAL podr\u00e1 contratar con terceros proveedores la infraestructura y\/o servicios necesarios para el correcto funcionamiento del Sitio Web y sus funcionalidades. En tal caso REDEGAL se compromete a seleccionar y contratar s\u00f3lo con proveedores que ofrezcan un nivel adecuado de protecci\u00f3n y permitan el ejercicio de sus derechos en relaci\u00f3n con el tratamiento de sus datos personales.<\/p>\n\n\n\n<p>La contrataci\u00f3n de dichos proveedores de servicios puede implicar la transferencia de los datos personales de los empleados a empresas situadas fuera de la Uni\u00f3n Europea (UE), siempre que \u00e9stos garanticen la adopci\u00f3n de acuerdos o mecanismos de transferencia internacional adecuados para garantizar la protecci\u00f3n de sus datos personales.<\/p>\n\n\n\n<p>En particular, REDEGAL comunica su informaci\u00f3n personal a las siguientes entidades ubicadas fuera de la UE:<\/p>\n\n\n\n<p>Muchas herramientas que utilizamos para gestionar tus datos son contratadas por terceros. Para prestar servicios estrictamente necesarios para el desarrollo de la actividad, <a href=\"https:\/\/www.redegal.com\/es-mx\/\">https:\/\/www.redegal.com\/es-mx\/<\/a> comparte datos con los siguientes prestadores bajo sus correspondientes condiciones de privacidad:<\/p>\n\n\n\n<p><strong>Google Analytics<\/strong>. Un servicio anal\u00edtico de web prestado por Google, Inc., una compa\u00f1\u00eda de Delaware cuya oficina principal est\u00e1 en 1600 Amphitheatre Parkway, Mountain View (California), CA 94043, Estados Unidos (\u201cGoogle\u201d). Google Analyics utiliza \u201ccookies\u201d, que son archivos de texto ubicados en tu ordenador, para ayudar a <a href=\"https:\/\/www.redegal.com\/es-mx\/\">https:\/\/www.redegal.com\/es-mx\/<\/a> a analizar el uso que hacen los usuarios del sitio web. La informaci\u00f3n que genera la cookie acerca de su uso de <a href=\"https:\/\/www.redegal.com\/es-mx\/\">https:\/\/www.redegal.com\/es-mx\/<\/a> (incluyendo tu direcci\u00f3n IP) ser\u00e1 directamente transmitida y archivada por Google en los servidores de Estados Unidos.<\/p>\n\n\n\n<p><strong>Navegaci\u00f3n<\/strong>. Al navegar por <a href=\"https:\/\/www.redegal.com\/es-mx\/\">https:\/\/www.redegal.com\/es-mx\/<\/a> se pueden recoger datos no identificables, que pueden incluir, direcciones IP, ubicaci\u00f3n geogr\u00e1fica (aproximadamente), un registro de c\u00f3mo se utilizan los servicios y sitios, y otros datos que no pueden ser utilizados para identificar al usuario. Entre los datos no identificativos est\u00e1n tambi\u00e9n los relacionados a tus h\u00e1bitos de navegaci\u00f3n a trav\u00e9s de servicios de terceros. Esta web utiliza los siguientes servicios de an\u00e1lisis de terceros:<\/p>\n\n\n\n<ul class=\"wp-block-list\">\n<li>Google Analytics<\/li>\n\n\n\n<li>Facebook inside.<\/li>\n<\/ul>\n\n\n\n<p><\/p>\n\n\n\n<h2 class=\"wp-block-heading has-large-font-size\" style=\"font-style:normal;font-weight:600\"><strong>\u00bfPor cu\u00e1nto tiempo conservaremos tus datos?<\/strong><\/h2>\n\n\n\n<ul class=\"wp-block-list\">\n<li><em>En el caso del formulario de contacto y\/o correos electr\u00f3nicos<\/em>, los datos personales ser\u00e1n conservados por REDEGAL s\u00f3lo durante el tiempo necesario para atender y gestionar cada concreta solicitud formulada por el Usuario.<\/li>\n<\/ul>\n\n\n\n<ul class=\"wp-block-list\">\n<li><em>En el caso del env\u00edo de comunicaciones comerciales<\/em>, hasta que el Usuario revoque el consentimiento prestado para su recepci\u00f3n.<\/li>\n<\/ul>\n\n\n\n<ul class=\"wp-block-list\">\n<li><em>En el caso de inscripci\u00f3n en ofertas de trabajo<\/em>, los datos personales recogidos ser\u00e1n conservados durante un periodo m\u00e1ximo de 1 A\u00d1O.<\/li>\n<\/ul>\n\n\n\n<p>Transcurridos los citados plazos, los datos personales de los Usuarios podr\u00e1n ser bloqueados y mantenidos por REDEGAL para la atenci\u00f3n de las posibles responsabilidades nacidas del tratamiento y s\u00f3lo durante el plazo de prescripci\u00f3n de dichas responsabilidades. Pasado dicho periodo, los datos personales ser\u00e1n borrados por REDEGAL.<\/p>\n\n\n\n<h2 class=\"wp-block-heading has-large-font-size\"><strong>\u00bfC\u00f3mo debo actualizar mis datos personales?<\/strong><\/h2>\n\n\n\n<p>El Usuario garantiza que los datos personales facilitados a REDEGAL a trav\u00e9s de este Sitio Web son veraces, correctos, actuales y completos. El Usuario se hace responsable de comunicar a REDEGAL cualquier modificaci\u00f3n o actualizaci\u00f3n de estos, mediante el env\u00edo de una comunicaci\u00f3n a las direcciones postales o electr\u00f3nicas facilitadas en el apartado \u201c<em>\u00bfCu\u00e1les son sus derechos?<\/em>\u201d y siguiendo las indicaciones contenidas en el mismo.<\/p>\n\n\n\n<h2 class=\"wp-block-heading has-large-font-size\"><strong>\u00bfQu\u00e9 ocurre si facilito a REDEGAL datos de terceras personas?<\/strong><\/h2>\n\n\n\n<p>Con car\u00e1cter general, queda prohibido que los Usuarios faciliten datos personales relativos a terceros. No obstante, en el supuesto de que el Usuario facilite datos personales de terceros deber\u00e1, con car\u00e1cter previo a la inclusi\u00f3n o comunicaci\u00f3n de sus datos a REDEGAL, informar a dichas personas sobre el contenido de esta Pol\u00edtica de Privacidad. El Usuario garantiza que ha obtenido el consentimiento previo de estas terceras personas para la comunicaci\u00f3n de sus datos personales a REDEGAL con los fines previstos en la presente Pol\u00edtica de Privacidad.<\/p>\n\n\n\n<h2 class=\"wp-block-heading has-large-font-size\"><strong>\u00bfCu\u00e1les son sus derechos?<\/strong><\/h2>\n\n\n\n<p>Los Usuarios tienen derecho a retirar en cualquier momento el consentimiento prestado para el tratamiento de sus datos. Asimismo, los Usuarios pueden ejercer ante REDEGAL sus derechos de acceso, rectificaci\u00f3n, supresi\u00f3n y portabilidad de sus datos, de limitaci\u00f3n y oposici\u00f3n a su tratamiento, as\u00ed como a no ser objeto de decisiones basadas \u00fanicamente en el tratamiento automatizado de sus datos, cuando procedan.<\/p>\n\n\n\n<p>A tales efectos podr\u00e1 utilizar los siguientes canales, acompa\u00f1ando siempre fotocopia de su DNI o cualquier otro documento que permita acreditar su identidad:<\/p>\n\n\n\n<ul class=\"wp-block-list\">\n<li><em>Por carta, a la direcci\u00f3n<\/em>: Avenida de Santiago, 9 32001 Ourense.<\/li>\n\n\n\n<li><em>Por correo electr\u00f3nico<\/em>, a: info@redegal.com<\/li>\n<\/ul>\n\n\n\n<p>Por \u00faltimo, en caso de que el Usuario tenga conocimiento o considere que un hecho pueda suponer un incumplimiento de la normativa aplicable en materia de protecci\u00f3n de datos, podr\u00e1 presentar una reclamaci\u00f3n ante la Agencia Espa\u00f1ola de Protecci\u00f3n de Datos.<\/p>\n\n\n\n<h2 class=\"wp-block-heading has-large-font-size\"><strong>Actualizaciones y cambios en la Pol\u00edtica de Privacidad<\/strong><\/h2>\n\n\n\n<p>REDEGAL se reserva el derecho a introducir modificaciones en esta Pol\u00edtica de Privacidad. Cuando se produzcan dichos cambios, se comunicar\u00e1n a los Usuarios mediante avisos en el Sitio Web, por correo electr\u00f3nico o bien trav\u00e9s de cualquier otro procedimiento adecuado seg\u00fan las circunstancias.<\/p>\n\n\n\n<h2 class=\"wp-block-heading has-large-font-size\"><strong>Correos comerciales<\/strong><\/h2>\n\n\n\n<p>De acuerdo con la LSSICE, <a href=\"https:\/\/www.redegal.com\/es-mx\/\">https:\/\/www.redegal.com\/es-mx\/<\/a> no realiza pr\u00e1cticas de SPAM, por lo que no env\u00eda correos comerciales por v\u00eda electr\u00f3nica que no hayan sido previamente solicitados o autorizados por el usuario. En consecuencia, en cada uno de los formularios habidos en la web, el usuario tiene la posibilidad de dar su consentimiento expreso para recibir el bolet\u00edn, con independencia de l informaci\u00f3n comercial puntualmente solicitada.<\/p>\n\n\n\n<p>Conforme a lo dispuesto en la Ley 34\/2002 de Servicios de la Sociedad de la Informaci\u00f3n y de comercio electr\u00f3nico, <a href=\"https:\/\/www.redegal.com\/es-mx\/\">https:\/\/www.redegal.com\/es-mx\/<\/a> se compromete a no enviar comunicaciones de car\u00e1cter comercial sin identificarlas debidamente.<\/p>\n\n\n\n<p><\/p>\n\n\n\n<p><\/p>\n","protected":false},"excerpt":{"rendered":"<p>Esta Pol\u00edtica de Privacidad tiene por objeto informar, de conformidad con lo establecido en la normativa aplicable, del tratamiento de los datos personales obtenidos a trav\u00e9s de la p\u00e1gina web www.redegal.com (en adelante, el \u201cSitio Web\u201d). El acceso y utilizaci\u00f3n del Sitio Web le atribuye la condici\u00f3n de usuario (en adelante, \u201cUsuario\/s\u201d) e implica el [&hellip;]<\/p>\n","protected":false},"author":1,"featured_media":0,"parent":0,"menu_order":0,"comment_status":"closed","ping_status":"closed","template":"","meta":{"_acf_changed":false,"content-type":"","inline_featured_image":false,"footnotes":""},"class_list":["post-10742","page","type-page","status-publish","hentry"],"acf":[],"yoast_head":"<!-- This site is optimized with the Yoast SEO plugin v26.6 - https:\/\/yoast.com\/wordpress\/plugins\/seo\/ -->\n<title>Pol\u00edtica de Privacidad - Redegal<\/title>\n<meta name=\"robots\" content=\"index, follow, max-snippet:-1, max-image-preview:large, max-video-preview:-1\" \/>\n<link rel=\"canonical\" href=\"https:\/\/www.redegal.com\/es-mx\/politica-de-privacidad\/\" \/>\n<meta property=\"og:locale\" content=\"es_MX\" \/>\n<meta property=\"og:type\" content=\"article\" \/>\n<meta property=\"og:title\" content=\"Pol\u00edtica de Privacidad - Redegal\" \/>\n<meta property=\"og:description\" content=\"Esta Pol\u00edtica de Privacidad tiene por objeto informar, de conformidad con lo establecido en la normativa aplicable, del tratamiento de los datos personales obtenidos a trav\u00e9s de la p\u00e1gina web www.redegal.com (en adelante, el \u201cSitio Web\u201d). El acceso y utilizaci\u00f3n del Sitio Web le atribuye la condici\u00f3n de usuario (en adelante, \u201cUsuario\/s\u201d) e implica el [&hellip;]\" \/>\n<meta property=\"og:url\" content=\"https:\/\/www.redegal.com\/es-mx\/politica-de-privacidad\/\" \/>\n<meta property=\"og:site_name\" content=\"Redegal\" \/>\n<meta property=\"article:publisher\" content=\"https:\/\/facebook.com\/Redegal\/\" \/>\n<meta property=\"article:modified_time\" content=\"2026-04-07T17:25:53+00:00\" \/>\n<meta property=\"og:image\" content=\"https:\/\/www.redegal.com\/wp-content\/uploads\/2021\/11\/Redegal-Social-Thumb.jpg\" \/>\n\t<meta property=\"og:image:width\" content=\"1200\" \/>\n\t<meta property=\"og:image:height\" content=\"600\" \/>\n\t<meta property=\"og:image:type\" content=\"image\/jpeg\" \/>\n<meta name=\"twitter:card\" content=\"summary_large_image\" \/>\n<meta name=\"twitter:label1\" content=\"Tiempo de lectura\" \/>\n\t<meta name=\"twitter:data1\" content=\"10 minutos\" \/>\n<script type=\"application\/ld+json\" class=\"yoast-schema-graph\">{\"@context\":\"https:\/\/schema.org\",\"@graph\":[{\"@type\":\"WebPage\",\"@id\":\"https:\/\/www.redegal.com\/es-mx\/politica-de-privacidad\/\",\"url\":\"https:\/\/www.redegal.com\/es-mx\/politica-de-privacidad\/\",\"name\":\"Pol\u00edtica de Privacidad - Redegal\",\"isPartOf\":{\"@id\":\"https:\/\/www.redegal.com\/es-mx\/#website\"},\"datePublished\":\"2023-01-30T15:39:27+00:00\",\"dateModified\":\"2026-04-07T17:25:53+00:00\",\"breadcrumb\":{\"@id\":\"https:\/\/www.redegal.com\/es-mx\/politica-de-privacidad\/#breadcrumb\"},\"inLanguage\":\"es\",\"potentialAction\":[{\"@type\":\"ReadAction\",\"target\":[\"https:\/\/www.redegal.com\/es-mx\/politica-de-privacidad\/\"]}]},{\"@type\":\"BreadcrumbList\",\"@id\":\"https:\/\/www.redegal.com\/es-mx\/politica-de-privacidad\/#breadcrumb\",\"itemListElement\":[{\"@type\":\"ListItem\",\"position\":1,\"name\":\"Home\",\"item\":\"https:\/\/www.redegal.com\/es-mx\/\"},{\"@type\":\"ListItem\",\"position\":2,\"name\":\"Pol\u00edtica de Privacidad\"}]},{\"@type\":\"WebSite\",\"@id\":\"https:\/\/www.redegal.com\/es-mx\/#website\",\"url\":\"https:\/\/www.redegal.com\/es-mx\/\",\"name\":\"Redegal\",\"description\":\"\",\"publisher\":{\"@id\":\"https:\/\/www.redegal.com\/es-mx\/#organization\"},\"potentialAction\":[{\"@type\":\"SearchAction\",\"target\":{\"@type\":\"EntryPoint\",\"urlTemplate\":\"https:\/\/www.redegal.com\/es-mx\/?s={search_term_string}\"},\"query-input\":{\"@type\":\"PropertyValueSpecification\",\"valueRequired\":true,\"valueName\":\"search_term_string\"}}],\"inLanguage\":\"es\"},{\"@type\":\"Organization\",\"@id\":\"https:\/\/www.redegal.com\/es-mx\/#organization\",\"name\":\"Redegal\",\"url\":\"https:\/\/www.redegal.com\/es-mx\/\",\"logo\":{\"@type\":\"ImageObject\",\"inLanguage\":\"es\",\"@id\":\"https:\/\/www.redegal.com\/es-mx\/#\/schema\/logo\/image\/\",\"url\":\"https:\/\/www.redegal.com\/wp-content\/uploads\/2025\/05\/Logo-Redegal.svg\",\"contentUrl\":\"https:\/\/www.redegal.com\/wp-content\/uploads\/2025\/05\/Logo-Redegal.svg\",\"width\":\"1024\",\"height\":\"1024\",\"caption\":\"Redegal\"},\"image\":{\"@id\":\"https:\/\/www.redegal.com\/es-mx\/#\/schema\/logo\/image\/\"},\"sameAs\":[\"https:\/\/facebook.com\/Redegal\/\",\"https:\/\/www.instagram.com\/_redegal\/\",\"https:\/\/www.linkedin.com\/company\/redegal\/\",\"https:\/\/www.youtube.com\/channel\/UCDXwbtEULPIYV2I1ugDzeUw\",\"https:\/\/x.com\/redegal\"]}]}<\/script>\n<!-- \/ Yoast SEO plugin. -->","yoast_head_json":{"title":"Pol\u00edtica de Privacidad - Redegal","robots":{"index":"index","follow":"follow","max-snippet":"max-snippet:-1","max-image-preview":"max-image-preview:large","max-video-preview":"max-video-preview:-1"},"canonical":"https:\/\/www.redegal.com\/es-mx\/politica-de-privacidad\/","og_locale":"es_MX","og_type":"article","og_title":"Pol\u00edtica de Privacidad - Redegal","og_description":"Esta Pol\u00edtica de Privacidad tiene por objeto informar, de conformidad con lo establecido en la normativa aplicable, del tratamiento de los datos personales obtenidos a trav\u00e9s de la p\u00e1gina web www.redegal.com (en adelante, el \u201cSitio Web\u201d). El acceso y utilizaci\u00f3n del Sitio Web le atribuye la condici\u00f3n de usuario (en adelante, \u201cUsuario\/s\u201d) e implica el [&hellip;]","og_url":"https:\/\/www.redegal.com\/es-mx\/politica-de-privacidad\/","og_site_name":"Redegal","article_publisher":"https:\/\/facebook.com\/Redegal\/","article_modified_time":"2026-04-07T17:25:53+00:00","og_image":[{"width":1200,"height":600,"url":"https:\/\/www.redegal.com\/wp-content\/uploads\/2021\/11\/Redegal-Social-Thumb.jpg","type":"image\/jpeg"}],"twitter_card":"summary_large_image","twitter_misc":{"Tiempo de lectura":"10 minutos"},"schema":{"@context":"https:\/\/schema.org","@graph":[{"@type":"WebPage","@id":"https:\/\/www.redegal.com\/es-mx\/politica-de-privacidad\/","url":"https:\/\/www.redegal.com\/es-mx\/politica-de-privacidad\/","name":"Pol\u00edtica de Privacidad - Redegal","isPartOf":{"@id":"https:\/\/www.redegal.com\/es-mx\/#website"},"datePublished":"2023-01-30T15:39:27+00:00","dateModified":"2026-04-07T17:25:53+00:00","breadcrumb":{"@id":"https:\/\/www.redegal.com\/es-mx\/politica-de-privacidad\/#breadcrumb"},"inLanguage":"es","potentialAction":[{"@type":"ReadAction","target":["https:\/\/www.redegal.com\/es-mx\/politica-de-privacidad\/"]}]},{"@type":"BreadcrumbList","@id":"https:\/\/www.redegal.com\/es-mx\/politica-de-privacidad\/#breadcrumb","itemListElement":[{"@type":"ListItem","position":1,"name":"Home","item":"https:\/\/www.redegal.com\/es-mx\/"},{"@type":"ListItem","position":2,"name":"Pol\u00edtica de Privacidad"}]},{"@type":"WebSite","@id":"https:\/\/www.redegal.com\/es-mx\/#website","url":"https:\/\/www.redegal.com\/es-mx\/","name":"Redegal","description":"","publisher":{"@id":"https:\/\/www.redegal.com\/es-mx\/#organization"},"potentialAction":[{"@type":"SearchAction","target":{"@type":"EntryPoint","urlTemplate":"https:\/\/www.redegal.com\/es-mx\/?s={search_term_string}"},"query-input":{"@type":"PropertyValueSpecification","valueRequired":true,"valueName":"search_term_string"}}],"inLanguage":"es"},{"@type":"Organization","@id":"https:\/\/www.redegal.com\/es-mx\/#organization","name":"Redegal","url":"https:\/\/www.redegal.com\/es-mx\/","logo":{"@type":"ImageObject","inLanguage":"es","@id":"https:\/\/www.redegal.com\/es-mx\/#\/schema\/logo\/image\/","url":"https:\/\/www.redegal.com\/wp-content\/uploads\/2025\/05\/Logo-Redegal.svg","contentUrl":"https:\/\/www.redegal.com\/wp-content\/uploads\/2025\/05\/Logo-Redegal.svg","width":"1024","height":"1024","caption":"Redegal"},"image":{"@id":"https:\/\/www.redegal.com\/es-mx\/#\/schema\/logo\/image\/"},"sameAs":["https:\/\/facebook.com\/Redegal\/","https:\/\/www.instagram.com\/_redegal\/","https:\/\/www.linkedin.com\/company\/redegal\/","https:\/\/www.youtube.com\/channel\/UCDXwbtEULPIYV2I1ugDzeUw","https:\/\/x.com\/redegal"]}]}},"_links":{"self":[{"href":"https:\/\/www.redegal.com\/es-mx\/wp-json\/wp\/v2\/pages\/10742","targetHints":{"allow":["GET"]}}],"collection":[{"href":"https:\/\/www.redegal.com\/es-mx\/wp-json\/wp\/v2\/pages"}],"about":[{"href":"https:\/\/www.redegal.com\/es-mx\/wp-json\/wp\/v2\/types\/page"}],"author":[{"embeddable":true,"href":"https:\/\/www.redegal.com\/es-mx\/wp-json\/wp\/v2\/users\/1"}],"replies":[{"embeddable":true,"href":"https:\/\/www.redegal.com\/es-mx\/wp-json\/wp\/v2\/comments?post=10742"}],"version-history":[{"count":5,"href":"https:\/\/www.redegal.com\/es-mx\/wp-json\/wp\/v2\/pages\/10742\/revisions"}],"predecessor-version":[{"id":39194,"href":"https:\/\/www.redegal.com\/es-mx\/wp-json\/wp\/v2\/pages\/10742\/revisions\/39194"}],"wp:attachment":[{"href":"https:\/\/www.redegal.com\/es-mx\/wp-json\/wp\/v2\/media?parent=10742"}],"curies":[{"name":"wp","href":"https:\/\/api.w.org\/{rel}","templated":true}]}}